{"id":1000,"date":"2018-08-30T12:28:29","date_gmt":"2018-08-30T15:28:29","guid":{"rendered":"https:\/\/iscontte-crr.infd.edu.ar\/sitio\/plan-de-estudios-2\/"},"modified":"2020-11-16T15:29:41","modified_gmt":"2020-11-16T18:29:41","slug":"plan-de-estudios-2","status":"publish","type":"page","link":"https:\/\/iscontte-crr.infd.edu.ar\/sitio\/plan-de-estudios-2\/","title":{"rendered":"Plan de estudio &#8211; Perfil del egresado"},"content":{"rendered":"<h2 style=\"text-align: center;\"><span style=\"color: #0000ff;\"><strong>Plan de Estudio<\/strong><\/span><\/h2>\n<p><strong>DENOMINACI\u00d3N DE LA CARRERA<\/strong><\/p>\n<ul>\n<li>Tecnicatura Superior en Producci\u00f3n en Artes Visuales con orientaci\u00f3n en Dibujo, Pintura, Escultura o Grabado y Arte Impreso<\/li>\n<\/ul>\n<p><strong>DURACI\u00d3N:<\/strong>\u00a0 3 a\u00f1os.<\/p>\n<p><strong>OBJETIVOS DE LA CARRERA<\/strong><\/p>\n<ul>\n<li>Formar t\u00e9cnicos capacitados que integren los marcos referenciales disciplinares propios de las artes visuales y de la formaci\u00f3n profesional especializada.<\/li>\n<li>Abordar los saberes cient\u00edfico-tecnol\u00f3gicos y socioculturales que sostienen a los conocimientos, destrezas y habilidades, valores y actitudes propios del campo profesional de la formaci\u00f3n art\u00edstica.<\/li>\n<li>Posibilitar la participaci\u00f3n activa, reflexiva, comprometida y cr\u00edtica en los diversos \u00e1mbitos de la vida laboral y sociocultural.<\/li>\n<li>Brindar una formaci\u00f3n t\u00e9cnica de car\u00e1cter integral que permita articular las demandas y expectativas individuales y sociales en torno al desempe\u00f1o profesional.<\/li>\n<li>Incentivar el acercamiento a situaciones propias del campo profesional espec\u00edfico de la formaci\u00f3n t\u00e9cnica en artes visuales.<\/li>\n<li>Facilitar la transferencia de lo aprendido a diferentes contextos y situaciones desde la fase inicial del cursado y en todos los campos y\/o unidades curriculares.<\/li>\n<\/ul>\n<p><b>DENOMINACI\u00d3N DEL T\u00cdTULO seg\u00fan la orientaci\u00f3n\u00a0elegida<\/b><\/p>\n<ul>\n<li>T\u00e9cnico Superior en\u00a0 Producci\u00f3n en Artes Visuales con orientaci\u00f3n en Dibujo<\/li>\n<li>T\u00e9cnico Superior en\u00a0 Producci\u00f3n en Artes Visuales con orientaci\u00f3n en Pintura<\/li>\n<li>T\u00e9cnico Superior en\u00a0 Producci\u00f3n en Artes Visuales con orientaci\u00f3n en Escultura<\/li>\n<li>T\u00e9cnico Superior en\u00a0 Producci\u00f3n en Artes Visuales con orientaci\u00f3n en Grabado y Arte Impreso<\/li>\n<\/ul>\n<p><strong>ALCANCES DEL T\u00cdTULO <\/strong><\/p>\n<p>El egresado de la Tecnicatura Superior en Producci\u00f3n en Artes Visuales &#8211; orientaci\u00f3n en Dibujo, Pintura, Escultura o Grabado y Arte Impreso, estar\u00e1 habilitado:<\/p>\n<ul>\n<li>En la producci\u00f3n de im\u00e1genes en el lenguaje art\u00edstico formado.<\/li>\n<li>En actividades en el campo multimedial y publicitario, del dise\u00f1o, de la comunicaci\u00f3n de las sociedades actuales.<\/li>\n<li>En el \u00e1rea de la creaci\u00f3n y en \u00e1reas que por sus caracter\u00edsticas requieran los conocimientos adquiridos.<\/li>\n<li>En actividades espec\u00edficas de dise\u00f1o gr\u00e1fico, textil, de objetos, de vestuario, de la ilustraci\u00f3n, ayudante de escenograf\u00eda, proyectista de actividades relacionadas con las artes visuales.<\/li>\n<li>En gesti\u00f3n t\u00e9cnico &#8211; art\u00edstica en actividades vinculadas con la producci\u00f3n de obras.<\/li>\n<li>En la organizaci\u00f3n de eventos relacionados con el campo profesional de la formaci\u00f3n espec\u00edfica<\/li>\n<\/ul>\n<p><strong>Distribuci\u00f3n horaria y modalidad<\/strong><\/p>\n<table style=\"width: 996px; height: 547px;\" border=\"0\" cellspacing=\"0\" cellpadding=\"0\">\n<tbody>\n<tr>\n<td rowspan=\"2\" width=\"44\"><strong>1\u00ba A\u00f1o<\/strong><\/td>\n<td rowspan=\"2\" width=\"330\"><strong>Unidad Curricular<\/strong><\/td>\n<td colspan=\"2\" width=\"104\"><strong>Carga horaria Semanal<\/strong><\/td>\n<td colspan=\"2\" width=\"123\"><strong>Carga horaria<\/strong><\/p>\n<p><strong>Anual <\/strong><strong>(<\/strong><strong>32 semanas<\/strong><strong>)<\/strong><\/td>\n<td rowspan=\"2\" width=\"76\"><strong>Modalidad<\/strong><\/td>\n<\/tr>\n<tr>\n<td width=\"57\">Did\u00e1cticas<\/td>\n<td width=\"47\">Reloj<\/td>\n<td width=\"57\">Did\u00e1cticas<\/td>\n<td width=\"66\">Reloj<\/td>\n<\/tr>\n<tr>\n<td valign=\"top\" width=\"44\">1<\/td>\n<td valign=\"top\" width=\"330\">Arte Europeo<\/td>\n<td width=\"57\">4<\/td>\n<td width=\"47\">2,40<\/td>\n<td width=\"57\">128<\/td>\n<td width=\"66\">85,20<\/td>\n<td width=\"76\">Anual<\/td>\n<\/tr>\n<tr>\n<td valign=\"top\" width=\"44\">2<\/td>\n<td valign=\"top\" width=\"330\">Organizaci\u00f3n de los Elementos Pl\u00e1sticos<\/td>\n<td width=\"57\">4<\/td>\n<td width=\"47\">2,40<\/td>\n<td width=\"57\">128<\/td>\n<td width=\"66\">85,20<\/td>\n<td width=\"76\">Anual<\/td>\n<\/tr>\n<tr>\n<td valign=\"top\" width=\"44\">3<\/td>\n<td valign=\"top\" width=\"330\">Introducci\u00f3n al Dibujo<\/td>\n<td width=\"57\">5<\/td>\n<td width=\"47\">3,20<\/td>\n<td width=\"57\">160<\/td>\n<td width=\"66\">106,40<\/td>\n<td width=\"76\">Anual<\/td>\n<\/tr>\n<tr>\n<td valign=\"top\" width=\"44\">4<\/td>\n<td valign=\"top\" width=\"330\">Introducci\u00f3n a la Pintura<\/td>\n<td width=\"57\">5<\/td>\n<td width=\"47\">3,20<\/td>\n<td width=\"57\">160<\/td>\n<td width=\"66\">106,40<\/td>\n<td width=\"76\">Anual<\/td>\n<\/tr>\n<tr>\n<td valign=\"top\" width=\"44\">5<\/td>\n<td valign=\"top\" width=\"330\">Introducci\u00f3n a la Escultura<\/td>\n<td width=\"57\">5<\/td>\n<td width=\"47\">3,20<\/td>\n<td width=\"57\">160<\/td>\n<td width=\"66\">106,40<\/td>\n<td width=\"76\">Anual<\/td>\n<\/tr>\n<tr>\n<td valign=\"top\" width=\"44\">6<\/td>\n<td valign=\"top\" width=\"330\">Introducci\u00f3n al Grabado y Arte Impreso<\/td>\n<td width=\"57\">5<\/td>\n<td width=\"47\">3,20<\/td>\n<td width=\"57\">160<\/td>\n<td width=\"66\">106,40<\/td>\n<td width=\"76\">Anual<\/td>\n<\/tr>\n<tr>\n<td valign=\"top\" width=\"44\">7<\/td>\n<td valign=\"top\" width=\"330\">Pr\u00e1ctica Art\u00edstica Profesionalizante I<\/td>\n<td width=\"57\">4<\/td>\n<td width=\"47\">2,40<\/td>\n<td width=\"57\">128<\/td>\n<td width=\"66\">85,20<\/td>\n<td width=\"76\">Anual<\/td>\n<\/tr>\n<tr>\n<td valign=\"top\" width=\"44\">Total<\/td>\n<td valign=\"top\" width=\"330\">7 (siete) espacios<\/td>\n<td width=\"57\">32<\/td>\n<td width=\"47\">21,20<\/td>\n<td width=\"57\">1024<\/td>\n<td width=\"66\">682,40<\/td>\n<td valign=\"top\" width=\"76\"><\/td>\n<\/tr>\n<\/tbody>\n<\/table>\n<p>&nbsp;<\/p>\n<table border=\"0\" cellspacing=\"0\" cellpadding=\"0\">\n<tbody>\n<tr>\n<td rowspan=\"2\" valign=\"top\" width=\"43\"><strong>2\u00ba A\u00f1o<\/strong><\/td>\n<td rowspan=\"2\" width=\"331\"><strong>Unidad curricular<\/strong><\/td>\n<td colspan=\"2\" width=\"104\"><strong>Carga horaria Semanal<\/strong><\/td>\n<td colspan=\"2\" width=\"123\"><strong>Carga horaria<\/strong><\/p>\n<p><strong>Anual (32 semanas)<\/strong><\/td>\n<td rowspan=\"2\" width=\"76\"><strong>Modalidad<\/strong><\/td>\n<\/tr>\n<tr>\n<td width=\"57\">Did\u00e1cticas<\/td>\n<td width=\"47\">Reloj<\/td>\n<td width=\"57\">Did\u00e1cticas<\/td>\n<td width=\"66\">Reloj<\/td>\n<\/tr>\n<tr>\n<td valign=\"top\" width=\"43\">1<\/td>\n<td valign=\"top\" width=\"331\">Arte Latinoamericano. Precolombino y Colonial<\/td>\n<td width=\"57\">3<\/td>\n<td width=\"47\">2,00<\/td>\n<td width=\"57\">96<\/td>\n<td width=\"66\">64<\/td>\n<td width=\"76\">Anual<\/td>\n<\/tr>\n<tr>\n<td valign=\"top\" width=\"43\">2<\/td>\n<td valign=\"top\" width=\"331\">Organizaci\u00f3n S\u00edgnica y Simb\u00f3lica I<\/td>\n<td width=\"57\">4<\/td>\n<td width=\"47\">2,40<\/td>\n<td width=\"57\">128<\/td>\n<td width=\"66\">85,20<\/td>\n<td width=\"76\">Anual<\/td>\n<\/tr>\n<tr>\n<td valign=\"top\" width=\"43\">3<\/td>\n<td valign=\"top\" width=\"331\">Nuevas Tecnolog\u00edas y Arte Contempor\u00e1neo<\/td>\n<td width=\"57\">4<\/td>\n<td width=\"47\">2,40<\/td>\n<td width=\"57\">128<\/td>\n<td width=\"66\">85.20<\/td>\n<td width=\"76\">Anual<\/td>\n<\/tr>\n<tr>\n<td valign=\"top\" width=\"43\">4<\/td>\n<td valign=\"top\" width=\"331\">Semi\u00f3tica de la Imagen Visual<\/td>\n<td width=\"57\">4<\/td>\n<td width=\"47\">2,40<\/td>\n<td width=\"57\">128<\/td>\n<td width=\"66\">85,20<\/td>\n<td width=\"76\">Anual<\/td>\n<\/tr>\n<tr>\n<td valign=\"top\" width=\"43\">5<\/td>\n<td valign=\"top\" width=\"331\">Figura Humana en el Dibujo<\/td>\n<td width=\"57\">4<\/td>\n<td width=\"47\">2,40<\/td>\n<td width=\"57\">128<\/td>\n<td width=\"66\">85.20<\/td>\n<td width=\"76\">Anual<\/td>\n<\/tr>\n<tr>\n<td valign=\"top\" width=\"43\">6<\/p>\n<p>OP<\/p>\n<p>TA<\/p>\n<p>TI<\/p>\n<p>VA<\/td>\n<td valign=\"top\" width=\"331\">a)Dibujo Anal\u00f3gico y Digital o<\/p>\n<p>b)Metodolog\u00edas y Procedimientos Pict\u00f3ricos o<\/p>\n<p>c)Escultura y Arte Objetual o<\/p>\n<p>d)Grabado y Arte Impreso en Hueco<\/td>\n<td width=\"57\">8<\/td>\n<td width=\"47\">5,20<\/td>\n<td width=\"57\">256<\/td>\n<td width=\"66\">170,40<\/td>\n<td width=\"76\">Anual<\/td>\n<\/tr>\n<tr>\n<td valign=\"top\" width=\"43\">7<\/td>\n<td valign=\"top\" width=\"331\">Pr\u00e1ctica Art\u00edstica Profesionalizante II<\/td>\n<td width=\"57\">4<\/td>\n<td width=\"47\">2,40<\/td>\n<td width=\"57\">128<\/td>\n<td width=\"66\">85,20<\/td>\n<td width=\"76\">Anual<\/td>\n<\/tr>\n<tr>\n<td valign=\"top\" width=\"43\">Total<\/td>\n<td valign=\"top\" width=\"331\">10 espacios \u2013 7 a cursar por el alumno<\/td>\n<td width=\"57\">31<\/td>\n<td width=\"47\">20,40<\/td>\n<td width=\"57\">992<\/td>\n<td width=\"66\">661,20<\/td>\n<td width=\"76\"><\/td>\n<\/tr>\n<\/tbody>\n<\/table>\n<p>&nbsp;<\/p>\n<table border=\"0\" cellspacing=\"0\" cellpadding=\"0\">\n<tbody>\n<tr>\n<td valign=\"top\" width=\"43\"><strong>3\u00ba A\u00f1o<\/strong><\/td>\n<td rowspan=\"2\" width=\"331\"><strong>Unidad curricular<\/strong><\/td>\n<td colspan=\"2\" width=\"104\"><strong>Carga horaria Semanal<\/strong><\/td>\n<td colspan=\"2\" width=\"123\"><strong>Carga horaria<\/strong><\/p>\n<p><strong>Anual (32 semanas)<\/strong><\/td>\n<td rowspan=\"2\" width=\"76\"><strong>Modalidad<\/strong><\/td>\n<\/tr>\n<tr>\n<td valign=\"top\" width=\"43\"><\/td>\n<td width=\"57\">Did\u00e1cticas<\/td>\n<td width=\"47\">Reloj<\/td>\n<td width=\"57\">Did\u00e1cticas<\/td>\n<td width=\"66\">Reloj<\/td>\n<\/tr>\n<tr>\n<td width=\"43\">1<\/td>\n<td valign=\"top\" width=\"331\">Arte Argentino. Siglos XIX y XX<\/td>\n<td width=\"57\">3<\/td>\n<td width=\"47\">2,00<\/td>\n<td width=\"57\">96<\/td>\n<td width=\"66\">64<\/td>\n<td width=\"76\">Anual<\/td>\n<\/tr>\n<tr>\n<td width=\"43\">2<\/td>\n<td valign=\"top\" width=\"331\">Organizaci\u00f3n S\u00edgnica y Simb\u00f3lica II<\/td>\n<td width=\"57\">4<\/td>\n<td width=\"47\">2,40<\/td>\n<td width=\"57\">128<\/td>\n<td width=\"66\">85,20<\/td>\n<td width=\"76\">Anual<\/td>\n<\/tr>\n<tr>\n<td width=\"43\">3<\/td>\n<td valign=\"top\" width=\"331\">Producci\u00f3n Multimedial (1er. cuatrimestre)<\/td>\n<td width=\"57\">3<\/td>\n<td width=\"47\">2,00<\/td>\n<td width=\"57\">48<\/td>\n<td width=\"66\">32<\/td>\n<td width=\"76\">Cuatrimestral<\/td>\n<\/tr>\n<tr>\n<td width=\"43\">4<\/td>\n<td valign=\"top\" width=\"331\">Psicolog\u00eda Cultural y Arte (2do. cuatrimestre)<\/td>\n<td width=\"57\">3<\/td>\n<td width=\"47\">2,00<\/td>\n<td width=\"57\">48<\/td>\n<td width=\"66\">32<\/td>\n<td width=\"76\">Cuatrimestral<\/td>\n<\/tr>\n<tr>\n<td width=\"43\">5<\/td>\n<td valign=\"top\" width=\"331\">Dibujo de Medios Gr\u00e1ficos y Expresivos<\/td>\n<td width=\"57\">4<\/td>\n<td width=\"47\">2,40<\/td>\n<td width=\"57\">128<\/td>\n<td width=\"66\">85,20<\/td>\n<td width=\"76\">Anual<\/td>\n<\/tr>\n<tr>\n<td width=\"43\">6<\/p>\n<p>OP<\/p>\n<p>TA<\/p>\n<p>TI<\/p>\n<p>VA<\/td>\n<td valign=\"top\" width=\"331\">a)Taller de Dibujo Aplicado a la Producci\u00f3n o<\/p>\n<p>b)Pintura y Arte P\u00fablico Aplicados a la Producci\u00f3n o<\/p>\n<p>c)Escultura y Arte P\u00fablico Aplicados a la Producci\u00f3n o<\/p>\n<p>d)Grabado y Arte Impreso Aplicados a la Producci\u00f3n<\/td>\n<td width=\"57\">10<\/td>\n<td width=\"47\">6,40<\/td>\n<td width=\"57\">320<\/td>\n<td width=\"66\">213,20<\/td>\n<td width=\"76\">Anual<\/td>\n<\/tr>\n<tr>\n<td width=\"43\">7<\/td>\n<td valign=\"top\" width=\"331\">Pr\u00e1ctica Art\u00edstica Profesionalizante III (Pasant\u00eda)<\/td>\n<td width=\"57\">8<\/td>\n<td width=\"47\">5,20<\/td>\n<td width=\"57\">256<\/td>\n<td width=\"66\">170,40<\/td>\n<td width=\"76\">Anual<\/td>\n<\/tr>\n<tr>\n<td valign=\"top\" width=\"43\">Total<\/td>\n<td valign=\"top\" width=\"331\">10 espacios \u2013 7 a cursar por el alumno<\/td>\n<td width=\"57\">35<\/td>\n<td width=\"47\">23,20<\/td>\n<td width=\"57\">1024<\/td>\n<td width=\"66\">682,40<\/td>\n<td valign=\"top\" width=\"76\"><\/td>\n<\/tr>\n<tr>\n<td valign=\"top\" width=\"43\">Totales<\/td>\n<td valign=\"top\" width=\"331\">27 espacios \u2013 21 a cursar por el alumno<\/td>\n<td width=\"57\"><\/td>\n<td width=\"47\"><\/td>\n<td width=\"57\">3040<\/td>\n<td width=\"66\">2026,40<\/td>\n<td valign=\"top\" width=\"76\"><\/td>\n<\/tr>\n<\/tbody>\n<\/table>\n<p><strong>Cantidad de unidades curriculares a cursar por el estudiante:<\/strong> <strong>21 (veintiuno)<\/strong><\/p>\n<h2 style=\"text-align: center;\"><span style=\"color: #0000ff;\"><strong>Perfil profesional del egresado<\/strong><\/span><\/h2>\n<p>La formaci\u00f3n y desarrollo de capacidades, deben estar acordes a las transformaciones del mundo y las sociedades actuales, desde donde se nos plantea como instituci\u00f3n formadora la necesidad de adecuarnos a un nuevo escenario en un marco de creciente exigencia y competitividad sin descuidar la formaci\u00f3n integral de los destinatarios y la conformaci\u00f3n del ser personal acorde a sus expectativas individuales, su proyecto de vida, y las demandas sociales expuestas en las finalidades de la Educaci\u00f3n Argentina (Ley 26.206). Se espera lograr un definido perfil profesional que implique:<\/p>\n<ul>\n<li>Profesionales capaces de desempe\u00f1arse v\u00e1lidamente en su campo a trav\u00e9s de la recreaci\u00f3n permanente de lo adquirido en su formaci\u00f3n, en la mediaci\u00f3n t\u00e9cnica entre lo perceptual y lo representativo &#8211; constructivo, en la investigaci\u00f3n en artes y en la valoraci\u00f3n est\u00e9tico &#8211; pl\u00e1stica.<\/li>\n<li>Capacitaci\u00f3n para desempe\u00f1arse profesionalmente en el lenguaje pl\u00e1stico formado, dando cumplimiento a necesidades que pueda exigir el mercado laboral.<\/li>\n<li>Discernimiento \u00e9tico &#8211; profesional para el campo de desenvolvimiento art\u00edstico y laboral.<\/li>\n<li>Desarrollo de la capacidad creativa y est\u00e9tica en diversos \u00e1mbitos art\u00edsticos que as\u00ed lo requieran.<\/li>\n<li>Competencia para realizar o promover acciones coherentes y adaptadas a las demandas sociales en proyectos art\u00edsticos grupales y\/o individuales.<\/li>\n<li>Visi\u00f3n totalizadora de la realidad como escenario complejo y cambiante, indisolublemente ligado a su quehacer t\u00e9cnico \u2013 art\u00edstico.<\/li>\n<li>Conocimiento exhaustivo del campo de su disciplina y adecuaci\u00f3n permanente a la adquisici\u00f3n de nuevos aprendizajes en el intercambio continuo con otros profesionales.<\/li>\n<li>Actitud positiva hacia la constante y permanente investigaci\u00f3n, capacitaci\u00f3n y actualizaci\u00f3n, que le permitan conformar paulatinamente un s\u00f3lido perfil t\u00e9cnico &#8211; profesional.<\/li>\n<\/ul>\n<p><strong>CAMPO PROFESIONAL <\/strong><\/p>\n<p>El \u00e1mbito potencial de empleabilidad para los egresados de la Tecnicatura Superior en Artes Visuales abarca el \u00e1rea de influencia nacional, regional y local, y lo componen:<\/p>\n<ul>\n<li>Gesti\u00f3n independiente como profesional capaz de organizar, producir y comercializar su propio emprendimiento t\u00e9cnico &#8211; art\u00edstico.<\/li>\n<li>Asesoramiento a los organismos p\u00fablicos encargados de administrar la cultura en tanto bien social, a saber: Ministerios de Cultura, Subsecretar\u00edas de Cultura, Secretar\u00edas de Cultura Municipales, Museos, Casa de la Cultura, Instituciones Educativas.<\/li>\n<li>Elaboraci\u00f3n de proyectos en actividades sociales con actitudes solidarias, interpretando y produciendo mensajes que utilicen c\u00f3digos art\u00edsticos con autonom\u00eda, sirviendo como medio de expresi\u00f3n y comunicaci\u00f3n.<\/li>\n<li>Asesoramiento a organizaciones no Gubernamentales con sede local, regional o nacional como comparsas, comisiones de eventos culturales.<\/li>\n<li>Establecimiento de v\u00ednculos con instituciones p\u00fablicas y\/o privadas para desarrollar actividades de extensi\u00f3n cultural (Empresas, Universidades, Instituciones Educativas, etc.)<\/li>\n<\/ul>\n","protected":false},"excerpt":{"rendered":"<p>Plan de Estudio DENOMINACI\u00d3N DE LA CARRERA Tecnicatura Superior en Producci\u00f3n en Artes Visuales con orientaci\u00f3n en Dibujo, Pintura, Escultura o Grabado y Arte Impreso DURACI\u00d3N:\u00a0 3 a\u00f1os. OBJETIVOS DE LA CARRERA Formar t\u00e9cnicos capacitados que integren los marcos referenciales disciplinares propios de las artes visuales y de la formaci\u00f3n profesional especializada. Abordar los saberes &#8230; <a title=\"Plan de estudio &#8211; Perfil del egresado\" class=\"read-more\" href=\"https:\/\/iscontte-crr.infd.edu.ar\/sitio\/plan-de-estudios-2\/\" aria-label=\"More on Plan de estudio &#8211; Perfil del egresado\">[+]<\/a><\/p>\n","protected":false},"author":1154,"featured_media":0,"parent":0,"menu_order":0,"comment_status":"closed","ping_status":"closed","template":"","meta":[],"acf":[],"_links":{"self":[{"href":"https:\/\/iscontte-crr.infd.edu.ar\/sitio\/wp-json\/wp\/v2\/pages\/1000"}],"collection":[{"href":"https:\/\/iscontte-crr.infd.edu.ar\/sitio\/wp-json\/wp\/v2\/pages"}],"about":[{"href":"https:\/\/iscontte-crr.infd.edu.ar\/sitio\/wp-json\/wp\/v2\/types\/page"}],"author":[{"embeddable":true,"href":"https:\/\/iscontte-crr.infd.edu.ar\/sitio\/wp-json\/wp\/v2\/users\/1154"}],"replies":[{"embeddable":true,"href":"https:\/\/iscontte-crr.infd.edu.ar\/sitio\/wp-json\/wp\/v2\/comments?post=1000"}],"version-history":[{"count":5,"href":"https:\/\/iscontte-crr.infd.edu.ar\/sitio\/wp-json\/wp\/v2\/pages\/1000\/revisions"}],"predecessor-version":[{"id":1440,"href":"https:\/\/iscontte-crr.infd.edu.ar\/sitio\/wp-json\/wp\/v2\/pages\/1000\/revisions\/1440"}],"wp:attachment":[{"href":"https:\/\/iscontte-crr.infd.edu.ar\/sitio\/wp-json\/wp\/v2\/media?parent=1000"}],"curies":[{"name":"wp","href":"https:\/\/api.w.org\/{rel}","templated":true}]}}