{"id":1009,"date":"2018-08-30T12:28:33","date_gmt":"2018-08-30T15:28:33","guid":{"rendered":"https:\/\/iscontte-crr.infd.edu.ar\/sitio\/cursos-jornadas-encuentros\/"},"modified":"2023-05-15T09:25:03","modified_gmt":"2023-05-15T12:25:03","slug":"cursos-jornadas-encuentros","status":"publish","type":"page","link":"https:\/\/iscontte-crr.infd.edu.ar\/sitio\/cursos-jornadas-encuentros\/","title":{"rendered":"FORMACI\u00d3N DOCENTE CONTINUA"},"content":{"rendered":"<h3 style=\"text-align: center;\"><span style=\"color: #0000ff;\"><strong>Del 01 al 05 de junio de 2023 . Convocatoria para la presentaci\u00f3n de Proyectos de Formaci\u00f3n Continua.<\/strong><\/span><\/h3>\n<p>Funciona bajo la dependencia de la Secretaria Acad\u00e9mica. Est\u00e1n comprendidas las siguientes funciones de la acci\u00f3n Docente, entre las cuales la Instituci\u00f3n podr\u00e1 asumir con car\u00e1cter variable seg\u00fan fuere asignada por el planeamiento provincial.<br \/>\n\u2022 Acompa\u00f1amiento de los primeros desempe\u00f1os docentes<br \/>\n\u2022 Formaci\u00f3n pedag\u00f3gica de agentes sin t\u00edtulos docentes y de profesionales de otras disciplinas<br \/>\n\u2022 Formaci\u00f3n para el desempe\u00f1o de distintas funciones en el sistema educativo<br \/>\n\u2022 Preparaci\u00f3n para el desempe\u00f1o de cargos directivos y de supervisi\u00f3n<br \/>\n\u2022 Actualizaci\u00f3n disciplinar pedag\u00f3gica de docentes en ejercicio<br \/>\n\u2022 Formaci\u00f3n de docentes y no docentes para el desarrollo de actividades educativas en instituciones no escolares.<\/p>\n<p><strong><u>OBJETIVOS<br \/>\n<\/u><\/strong>-Fomentar la comunicaci\u00f3n fluida y permanente entre la Coordinaci\u00f3n de Formaci\u00f3n Docente Continua y el equipo docente del Instituto Superior Josefina Contte.<br \/>\n-Aunar criterios de trabajo sobre los aspectos pedag\u00f3gicos y metodol\u00f3gicos, indispensables para la formaci\u00f3n continua de los docentes y su abordaje en cada una de las capacitaciones.<br \/>\n-Identificar las necesidades de la instituci\u00f3n y definir estrategias de intervenci\u00f3n para una formaci\u00f3n docente continua pertinente.<br \/>\n-Fomentar la elaboraci\u00f3n de proyectos para llevar a cabo tutor\u00edas de los cursos del Corrientes Educa Virtual <strong>(CEV),<\/strong> de los docentes que deben cumplir con sus horas contra- cuatrimestral y otros docentes que deseen hacerlo.<br \/>\n-Implementar dispositivos de acompa\u00f1amiento al equipo docente para favorecer el aprendizaje del trayecto de la formaci\u00f3n docente continua.<br \/>\n-Fomentar la participaci\u00f3n del equipo docente del Instituto Superior Josefina Contte para elaboraci\u00f3n de propuestas de capacitaci\u00f3n durante el a\u00f1o, ya sea de autor\u00eda propia o no<br \/>\n-Implementar la \u201creasignaci\u00f3n de horas c\u00e1tedras\u201d a las de Formaci\u00f3n Docente Continua, como opci\u00f3n para sostener la fuente laboral y la oferta de la capacitaci\u00f3n docente desde la Instituci\u00f3n hacia la comunidad educativa de la ciudad de Corrientes.<\/p>\n<p><strong><u>L\u00cdNEAS DE ACCI\u00d3N<br \/>\n<\/u>Presentar las l\u00edneas de trabajo al Equipo de Conducci\u00f3n, establecer acuerdos metodol\u00f3gicos y organizativos.<\/strong><br \/>\n1.1 Realizar primer acercamiento con los docentes de la Instituci\u00f3n, coordinadores de \u00e1reas y de carrera. Establecer acuerdos metodol\u00f3gicos y organizativos.<br \/>\n1.2 Reuni\u00f3n de Trabajo con profesores de la Instituci\u00f3n para mostrarles el Plan Estrat\u00e9gico con componentes de la Formaci\u00f3n Continua: estableciendo un modelo de proyecto para su elaboraci\u00f3n y posterior evaluaci\u00f3n.<br \/>\n1.3 Reorganizar grupos de trabajo y elaborar proyectos de desarrollo profesional de acuerdo a las necesidades de la Instituci\u00f3n y de los propios colegas, con formato de cursos (pertenecientes a <strong>CEV<\/strong> o de autor\u00eda propia), jornadas, actualizaci\u00f3n, especializaci\u00f3n, etc. Especialmente los docentes que deben cumplir con sus horas contra- cuatrimestrales.<br \/>\n1.4 Implementar encuentros para el intercambio y el fortalecimiento de las posibles propuestas de docentes comprometidos con los diferentes formatos de capacitaciones, ayud\u00e1ndonos a detectar las debilidades y fortalezas de las mismas.<br \/>\n<strong>Habilitar un acta para el registro de cada decisi\u00f3n que se toma en las reuniones.<br \/>\n<\/strong>2.1 Elaboraci\u00f3n de una grilla de seguimiento de las acciones propuestas.<br \/>\n2.2 Implementaci\u00f3n de encuestas \/ entrevistas semi estructuradas para evaluar el proceso e impacto de las acciones.<br \/>\n2.3 Registro Fotogr\u00e1fico y\/o documental de los eventos realizados.<br \/>\n2.4 Presentar un informe anual a las autoridades del Instituto Superior Josefina Contte. Archivar y documentar.<\/p>\n<p>En este \u00faltimo tiempo se presentaron propuestas elaboradas por los docentes pertenecientes a la Instituci\u00f3n:<br \/>\nActualizaci\u00f3n Acad\u00e9mica en Artes Visuales.<br \/>\nJornadas de Artes Visuales.<br \/>\nDiplomatura en ESI.<br \/>\nTalleres vinculados a Aulas Virtuales.<br \/>\nCurso en Adolescencia Post Pandemia.<br \/>\nInterculturalidad (propuesta pospuesta para la segunda cohorte de capacitaciones.<\/p>\n<p style=\"text-align: center;\">\n","protected":false},"excerpt":{"rendered":"<p>Del 01 al 05 de junio de 2023 . Convocatoria para la presentaci\u00f3n de Proyectos de Formaci\u00f3n Continua. Funciona bajo la dependencia de la Secretaria Acad\u00e9mica. Est\u00e1n comprendidas las siguientes funciones de la acci\u00f3n Docente, entre las cuales la Instituci\u00f3n podr\u00e1 asumir con car\u00e1cter variable seg\u00fan fuere asignada por el planeamiento provincial. \u2022 Acompa\u00f1amiento de &#8230; <a title=\"FORMACI\u00d3N DOCENTE CONTINUA\" class=\"read-more\" href=\"https:\/\/iscontte-crr.infd.edu.ar\/sitio\/cursos-jornadas-encuentros\/\" aria-label=\"More on FORMACI\u00d3N DOCENTE CONTINUA\">[+]<\/a><\/p>\n","protected":false},"author":1154,"featured_media":0,"parent":0,"menu_order":0,"comment_status":"closed","ping_status":"closed","template":"","meta":[],"acf":[],"_links":{"self":[{"href":"https:\/\/iscontte-crr.infd.edu.ar\/sitio\/wp-json\/wp\/v2\/pages\/1009"}],"collection":[{"href":"https:\/\/iscontte-crr.infd.edu.ar\/sitio\/wp-json\/wp\/v2\/pages"}],"about":[{"href":"https:\/\/iscontte-crr.infd.edu.ar\/sitio\/wp-json\/wp\/v2\/types\/page"}],"author":[{"embeddable":true,"href":"https:\/\/iscontte-crr.infd.edu.ar\/sitio\/wp-json\/wp\/v2\/users\/1154"}],"replies":[{"embeddable":true,"href":"https:\/\/iscontte-crr.infd.edu.ar\/sitio\/wp-json\/wp\/v2\/comments?post=1009"}],"version-history":[{"count":4,"href":"https:\/\/iscontte-crr.infd.edu.ar\/sitio\/wp-json\/wp\/v2\/pages\/1009\/revisions"}],"predecessor-version":[{"id":1998,"href":"https:\/\/iscontte-crr.infd.edu.ar\/sitio\/wp-json\/wp\/v2\/pages\/1009\/revisions\/1998"}],"wp:attachment":[{"href":"https:\/\/iscontte-crr.infd.edu.ar\/sitio\/wp-json\/wp\/v2\/media?parent=1009"}],"curies":[{"name":"wp","href":"https:\/\/api.w.org\/{rel}","templated":true}]}}