{"id":1011,"date":"2018-08-30T12:28:34","date_gmt":"2018-08-30T15:28:34","guid":{"rendered":"https:\/\/iscontte-crr.infd.edu.ar\/sitio\/duracion\/"},"modified":"2023-04-26T17:16:48","modified_gmt":"2023-04-26T20:16:48","slug":"duracion","status":"publish","type":"page","link":"https:\/\/iscontte-crr.infd.edu.ar\/sitio\/duracion\/","title":{"rendered":"Carreras y turno"},"content":{"rendered":"<p>TURNO MA\u00d1AMA<\/p>\n<p>Profesorado de Ingl\u00e9s<\/p>\n<p>Tecnicatura Superior en Traducci\u00f3n en Ingl\u00e9s<\/p>\n<p>Profesorado de Artes Visuales<\/p>\n<p><span style=\"background-color: #ffffff;\">TURNO TARDE&nbsp;<\/span><\/p>\n<p>Profesorado de Ingl\u00e9s<\/p>\n<p>Profesorado de Franc\u00e9s<\/p>\n<p>Profesorado de Italiano<\/p>\n<p>Profesorado de Portugu\u00e9s<\/p>\n<p>Profesorado de Artes Visuales<\/p>\n<p>Tecnicatura Superior en Producci\u00f3n en Artes Visuales<\/p>\n","protected":false},"excerpt":{"rendered":"<p>TURNO MA\u00d1AMA Profesorado de Ingl\u00e9s Tecnicatura Superior en Traducci\u00f3n en Ingl\u00e9s Profesorado de Artes Visuales TURNO TARDE&nbsp; Profesorado de Ingl\u00e9s Profesorado de Franc\u00e9s Profesorado de Italiano Profesorado de Portugu\u00e9s Profesorado de Artes Visuales Tecnicatura Superior en Producci\u00f3n en Artes Visuales<\/p>\n","protected":false},"author":1154,"featured_media":0,"parent":0,"menu_order":0,"comment_status":"closed","ping_status":"closed","template":"","meta":[],"acf":[],"_links":{"self":[{"href":"https:\/\/iscontte-crr.infd.edu.ar\/sitio\/wp-json\/wp\/v2\/pages\/1011"}],"collection":[{"href":"https:\/\/iscontte-crr.infd.edu.ar\/sitio\/wp-json\/wp\/v2\/pages"}],"about":[{"href":"https:\/\/iscontte-crr.infd.edu.ar\/sitio\/wp-json\/wp\/v2\/types\/page"}],"author":[{"embeddable":true,"href":"https:\/\/iscontte-crr.infd.edu.ar\/sitio\/wp-json\/wp\/v2\/users\/1154"}],"replies":[{"embeddable":true,"href":"https:\/\/iscontte-crr.infd.edu.ar\/sitio\/wp-json\/wp\/v2\/comments?post=1011"}],"version-history":[{"count":3,"href":"https:\/\/iscontte-crr.infd.edu.ar\/sitio\/wp-json\/wp\/v2\/pages\/1011\/revisions"}],"predecessor-version":[{"id":1874,"href":"https:\/\/iscontte-crr.infd.edu.ar\/sitio\/wp-json\/wp\/v2\/pages\/1011\/revisions\/1874"}],"wp:attachment":[{"href":"https:\/\/iscontte-crr.infd.edu.ar\/sitio\/wp-json\/wp\/v2\/media?parent=1011"}],"curies":[{"name":"wp","href":"https:\/\/api.w.org\/{rel}","templated":true}]}}