{"id":1342,"date":"2020-10-11T14:39:17","date_gmt":"2020-10-11T17:39:17","guid":{"rendered":"https:\/\/iscontte-crr.infd.edu.ar\/sitio\/?page_id=1342"},"modified":"2021-10-27T10:24:01","modified_gmt":"2021-10-27T13:24:01","slug":"iniciacion-a-las-actividades-artisticas","status":"publish","type":"page","link":"https:\/\/iscontte-crr.infd.edu.ar\/sitio\/iniciacion-a-las-actividades-artisticas\/","title":{"rendered":"Iniciaci\u00f3n a la Danza &#8211; Iniciaci\u00f3n a las Actividades Art\u00edsticas"},"content":{"rendered":"\n<div class=\"wp-block-columns is-layout-flex wp-container-13\">\n<div class=\"wp-block-column is-vertically-aligned-top is-layout-flow\" style=\"flex-basis:100%\">\n<div class=\"wp-block-columns is-layout-flex wp-container-11\">\n<div class=\"wp-block-column is-layout-flow\" style=\"flex-basis:100%\">\n<div class=\"wp-block-columns is-layout-flex wp-container-9\">\n<div class=\"wp-block-column is-vertically-aligned-top is-layout-flow\" style=\"flex-basis:100%\">\n<div class=\"wp-block-columns is-layout-flex wp-container-7\">\n<div class=\"wp-block-column is-vertically-aligned-top is-layout-flow\" style=\"flex-basis:100%\">\n<div class=\"wp-block-group\"><div class=\"wp-block-group__inner-container is-layout-flow\">\n<div class=\"wp-block-columns is-layout-flex wp-container-4\">\n<div class=\"wp-block-column is-layout-flow\">\n<figure class=\"wp-block-embed is-type-video is-provider-youtube wp-block-embed-youtube wp-embed-aspect-16-9 wp-has-aspect-ratio\"><div class=\"wp-block-embed__wrapper\">\n<iframe loading=\"lazy\" title=\"&quot;Taller de Danzas Folcl\u00f3ricas Argentinas&quot;\" width=\"1200\" height=\"675\" src=\"https:\/\/www.youtube.com\/embed\/jaG_tVyKoW8?feature=oembed\" frameborder=\"0\" allow=\"accelerometer; autoplay; clipboard-write; encrypted-media; gyroscope; picture-in-picture\" allowfullscreen><\/iframe>\n<\/div><\/figure>\n\n\n\n<div class=\"wp-block-columns is-layout-flex wp-container-2\">\n<div class=\"wp-block-column is-layout-flow\" style=\"flex-basis:100%\">\n<figure class=\"wp-block-embed is-type-video is-provider-youtube wp-block-embed-youtube wp-embed-aspect-16-9 wp-has-aspect-ratio\"><div class=\"wp-block-embed__wrapper\">\n<iframe loading=\"lazy\" title=\"&quot;Taller de Danzas Folcl\u00f3ricas Argentinas&quot;\" width=\"1200\" height=\"675\" src=\"https:\/\/www.youtube.com\/embed\/srpkEGrrm3c?feature=oembed\" frameborder=\"0\" allow=\"accelerometer; autoplay; clipboard-write; encrypted-media; gyroscope; picture-in-picture\" allowfullscreen><\/iframe>\n<\/div><\/figure>\n<\/div>\n<\/div>\n\n\n\n<figure class=\"wp-block-embed is-type-video is-provider-youtube wp-block-embed-youtube wp-embed-aspect-16-9 wp-has-aspect-ratio\"><div class=\"wp-block-embed__wrapper\">\n<iframe loading=\"lazy\" title=\"&quot;Taller de Danzas Folcl\u00f3ricas Argentinas&quot;\" width=\"1200\" height=\"675\" src=\"https:\/\/www.youtube.com\/embed\/K2v5OxOSMIE?feature=oembed\" frameborder=\"0\" allow=\"accelerometer; autoplay; clipboard-write; encrypted-media; gyroscope; picture-in-picture\" allowfullscreen><\/iframe>\n<\/div><\/figure>\n<\/div>\n<\/div>\n\n\n\n<figure class=\"wp-block-embed is-type-video is-provider-youtube wp-block-embed-youtube wp-embed-aspect-4-3 wp-has-aspect-ratio\"><div class=\"wp-block-embed__wrapper\">\n<iframe loading=\"lazy\" title=\"&quot;Taller de Danzas Folcl\u00f3ricas Argentinas&quot;\" width=\"1200\" height=\"900\" src=\"https:\/\/www.youtube.com\/embed\/qFFLKQsVSaw?feature=oembed\" frameborder=\"0\" allow=\"accelerometer; autoplay; clipboard-write; encrypted-media; gyroscope; picture-in-picture\" allowfullscreen><\/iframe>\n<\/div><\/figure>\n\n\n\n<figure class=\"wp-block-embed is-type-video is-provider-youtube wp-block-embed-youtube wp-embed-aspect-4-3 wp-has-aspect-ratio\"><div class=\"wp-block-embed__wrapper\">\n<iframe loading=\"lazy\" title=\"&quot;Taller de Danzas Folcloricas Argentinas&quot;\" width=\"1200\" height=\"900\" src=\"https:\/\/www.youtube.com\/embed\/82QL4daT4oI?feature=oembed\" frameborder=\"0\" allow=\"accelerometer; autoplay; clipboard-write; encrypted-media; gyroscope; picture-in-picture\" allowfullscreen><\/iframe>\n<\/div><\/figure>\n<\/div><\/div>\n<\/div>\n<\/div>\n<\/div>\n<\/div>\n<\/div>\n<\/div>\n<\/div>\n<\/div>\n\n\n\n<p class=\"has-text-align-center has-large-font-size\"><strong>Iniciaci\u00f3n a las Actividades Art\u00edsticas<\/strong> <\/p>\n\n\n\n<figure class=\"wp-block-embed is-type-video is-provider-youtube wp-block-embed-youtube wp-embed-aspect-16-9 wp-has-aspect-ratio\"><div class=\"wp-block-embed__wrapper\">\n<iframe loading=\"lazy\" title=\"Iniciaci\u00f3n a las actividades art\u00edsticas\" width=\"1200\" height=\"675\" src=\"https:\/\/www.youtube.com\/embed\/SZvN-YwL5tw?feature=oembed\" frameborder=\"0\" allow=\"accelerometer; autoplay; clipboard-write; encrypted-media; gyroscope; picture-in-picture\" allowfullscreen><\/iframe>\n<\/div><\/figure>\n\n\n<p style=\"text-align: center;\"><img decoding=\"async\" loading=\"lazy\" class=\"size-medium wp-image-1353 alignnone\" src=\"https:\/\/iscontte-crr.infd.edu.ar\/sitio\/wp-content\/uploads\/2020\/10\/iniciacion1-1000x750.png\" alt=\"\" width=\"1000\" height=\"750\" srcset=\"https:\/\/iscontte-crr.infd.edu.ar\/sitio\/wp-content\/uploads\/2020\/10\/iniciacion1-1000x750.png 1000w, https:\/\/iscontte-crr.infd.edu.ar\/sitio\/wp-content\/uploads\/2020\/10\/iniciacion1-768x576.png 768w, https:\/\/iscontte-crr.infd.edu.ar\/sitio\/wp-content\/uploads\/2020\/10\/iniciacion1.png 1024w\" sizes=\"(max-width: 1000px) 100vw, 1000px\" \/><\/p>\n<p style=\"text-align: center;\"><img decoding=\"async\" loading=\"lazy\" class=\"size-medium wp-image-1354 aligncenter\" src=\"https:\/\/iscontte-crr.infd.edu.ar\/sitio\/wp-content\/uploads\/2020\/10\/iniciacion2-1000x750.png\" alt=\"\" width=\"1000\" height=\"750\" srcset=\"https:\/\/iscontte-crr.infd.edu.ar\/sitio\/wp-content\/uploads\/2020\/10\/iniciacion2-1000x750.png 1000w, https:\/\/iscontte-crr.infd.edu.ar\/sitio\/wp-content\/uploads\/2020\/10\/iniciacion2-768x576.png 768w, https:\/\/iscontte-crr.infd.edu.ar\/sitio\/wp-content\/uploads\/2020\/10\/iniciacion2.png 1024w\" sizes=\"(max-width: 1000px) 100vw, 1000px\" \/><\/p>\n<p style=\"text-align: center;\"><img decoding=\"async\" loading=\"lazy\" class=\"size-medium wp-image-1355 alignnone\" src=\"https:\/\/iscontte-crr.infd.edu.ar\/sitio\/wp-content\/uploads\/2020\/10\/iniciacion3-1000x750.png\" alt=\"\" width=\"1000\" height=\"750\" srcset=\"https:\/\/iscontte-crr.infd.edu.ar\/sitio\/wp-content\/uploads\/2020\/10\/iniciacion3-1000x750.png 1000w, https:\/\/iscontte-crr.infd.edu.ar\/sitio\/wp-content\/uploads\/2020\/10\/iniciacion3-768x576.png 768w, https:\/\/iscontte-crr.infd.edu.ar\/sitio\/wp-content\/uploads\/2020\/10\/iniciacion3.png 1024w\" sizes=\"(max-width: 1000px) 100vw, 1000px\" \/><\/p>\n<p><iframe loading=\"lazy\" title=\"Semana de las Artes 2020: Iniciaci\u00f3n a las actividades art\u00edsticas. &quot;Kara\u00ed Octubre &quot;\" width=\"1200\" height=\"900\" src=\"https:\/\/www.youtube.com\/embed\/9gX3FF2zEzE?feature=oembed\" frameborder=\"0\" allow=\"accelerometer; autoplay; clipboard-write; encrypted-media; gyroscope; picture-in-picture\" allowfullscreen><\/iframe><\/p>","protected":false},"excerpt":{"rendered":"<p>Iniciaci\u00f3n a las Actividades Art\u00edsticas<\/p>\n","protected":false},"author":829,"featured_media":0,"parent":0,"menu_order":0,"comment_status":"closed","ping_status":"closed","template":"","meta":[],"acf":[],"_links":{"self":[{"href":"https:\/\/iscontte-crr.infd.edu.ar\/sitio\/wp-json\/wp\/v2\/pages\/1342"}],"collection":[{"href":"https:\/\/iscontte-crr.infd.edu.ar\/sitio\/wp-json\/wp\/v2\/pages"}],"about":[{"href":"https:\/\/iscontte-crr.infd.edu.ar\/sitio\/wp-json\/wp\/v2\/types\/page"}],"author":[{"embeddable":true,"href":"https:\/\/iscontte-crr.infd.edu.ar\/sitio\/wp-json\/wp\/v2\/users\/829"}],"replies":[{"embeddable":true,"href":"https:\/\/iscontte-crr.infd.edu.ar\/sitio\/wp-json\/wp\/v2\/comments?post=1342"}],"version-history":[{"count":17,"href":"https:\/\/iscontte-crr.infd.edu.ar\/sitio\/wp-json\/wp\/v2\/pages\/1342\/revisions"}],"predecessor-version":[{"id":1742,"href":"https:\/\/iscontte-crr.infd.edu.ar\/sitio\/wp-json\/wp\/v2\/pages\/1342\/revisions\/1742"}],"wp:attachment":[{"href":"https:\/\/iscontte-crr.infd.edu.ar\/sitio\/wp-json\/wp\/v2\/media?parent=1342"}],"curies":[{"name":"wp","href":"https:\/\/api.w.org\/{rel}","templated":true}]}}