{"id":1433,"date":"2020-11-16T14:33:32","date_gmt":"2020-11-16T17:33:32","guid":{"rendered":"https:\/\/iscontte-crr.infd.edu.ar\/sitio\/?page_id=1433"},"modified":"2025-10-18T11:14:12","modified_gmt":"2025-10-18T14:14:12","slug":"oferta-educativa-2021","status":"publish","type":"page","link":"https:\/\/iscontte-crr.infd.edu.ar\/sitio\/oferta-educativa-2021\/","title":{"rendered":"OFERTA EDUCATIVA"},"content":{"rendered":"<h3 style=\"text-align: center;\"><span style=\"color: #800000;\"><span style=\"color: #0000ff;\">PRE INSCRIPCI\u00d3N INGRESANTES<\/span><\/span><\/h3>\n<h3 style=\"text-align: center;\"><span style=\"color: #800000;\"><span style=\"color: #0000ff;\">A CARRERAS DE NIVEL SUPERIOR<\/span><\/span><\/h3>\n<p style=\"text-align: center;\"><span style=\"color: #800000;\"><span style=\"color: #0000ff;\">Profesorado de Artes Visuales<\/span><\/span><\/p>\n<p style=\"text-align: center;\"><span style=\"color: #800000;\"><span style=\"color: #0000ff;\">Profesorado de Ingl\u00e9s<\/span><\/span><\/p>\n<p style=\"text-align: center;\"><span style=\"color: #800000;\"><span style=\"color: #0000ff;\">Profesorado de Portugu\u00e9s<\/span><\/span><\/p>\n<p style=\"text-align: center;\"><span style=\"color: #800000;\"><span style=\"color: #0000ff;\">Profesorado de Franc\u00e9s<\/span><\/span><\/p>\n<p style=\"text-align: center;\"><span style=\"color: #800000;\"><span style=\"color: #0000ff;\">Tecnicatura Superior en Producci\u00f3n en Artes Visuales<\/span><\/span><\/p>\n<p style=\"text-align: center;\"><span style=\"color: #0000ff;\">Tecnicatura Superior en Traducci\u00f3n en Ingl\u00e9s<\/span><\/p>\n<p>PRE INSCRIPCI\u00d3N online a trav\u00e9s de SIMA Educativa<\/p>\n<p><span style=\"color: #850808;\"><span style=\"color: #0000ff;\">\u00bfC\u00f3mo me pre-inscribo?<\/span><\/span><\/p>\n<ol>\n<li>Ingresa a: <a href=\"http:\/\/simaeducativa.mec.gob.ar\/ingresantes\">http:\/\/simaeducativa.mec.gob.ar\/ingresantes<\/a><\/li>\n<li>Busca en el cat\u00e1logo la carrera a la que quer\u00edas inscribirte, podes buscar por localidad, o por instituto.<\/li>\n<li>Selecciona la carrera en la que te quieres Pre-inscribir<\/li>\n<li>Confirma tu solicitud<\/li>\n<li>Completa el registro y los Datos de Pre-inscripci\u00f3n.<\/li>\n<li>IMPRIMIR constancia de pre inscripci\u00f3n.<\/li>\n<\/ol>\n<ul>\n<li>Constancia de pre inscripci\u00f3n en SIMA<\/li>\n<li>T\u00edtulo de Nivel Secundario o Constancia de finalizaci\u00f3n de estudios del Nivel Secundario<\/li>\n<li>Certificado de buena salud (aptitud f\u00edsica y psicol\u00f3gica expedido por entidad p\u00fablica o privada)<\/li>\n<li>Fotocopia DNI<\/li>\n<li>Partida de Nacimiento<\/li>\n<li>Certificado de buena conducta<\/li>\n<li>Colaboraci\u00f3n Cooperadora<\/li>\n<\/ul>\n<h4 style=\"text-align: center;\"><span style=\"color: #800000;\"><span style=\"color: #0000ff;\">Consultas dirigirse al correo inscripciones@josefinacontte.edu.ar<\/span><\/span><\/h4>\n","protected":false},"excerpt":{"rendered":"<p>PRE INSCRIPCI\u00d3N INGRESANTES A CARRERAS DE NIVEL SUPERIOR Profesorado de Artes Visuales Profesorado de Ingl\u00e9s Profesorado de Portugu\u00e9s Profesorado de Franc\u00e9s Tecnicatura Superior en Producci\u00f3n en Artes Visuales Tecnicatura Superior en Traducci\u00f3n en Ingl\u00e9s PRE INSCRIPCI\u00d3N online a trav\u00e9s de SIMA Educativa \u00bfC\u00f3mo me pre-inscribo? Ingresa a: http:\/\/simaeducativa.mec.gob.ar\/ingresantes Busca en el cat\u00e1logo la carrera a &#8230; <a title=\"OFERTA EDUCATIVA\" class=\"read-more\" href=\"https:\/\/iscontte-crr.infd.edu.ar\/sitio\/oferta-educativa-2021\/\" aria-label=\"More on OFERTA EDUCATIVA\">[+]<\/a><\/p>\n","protected":false},"author":829,"featured_media":0,"parent":0,"menu_order":0,"comment_status":"closed","ping_status":"closed","template":"","meta":[],"acf":[],"_links":{"self":[{"href":"https:\/\/iscontte-crr.infd.edu.ar\/sitio\/wp-json\/wp\/v2\/pages\/1433"}],"collection":[{"href":"https:\/\/iscontte-crr.infd.edu.ar\/sitio\/wp-json\/wp\/v2\/pages"}],"about":[{"href":"https:\/\/iscontte-crr.infd.edu.ar\/sitio\/wp-json\/wp\/v2\/types\/page"}],"author":[{"embeddable":true,"href":"https:\/\/iscontte-crr.infd.edu.ar\/sitio\/wp-json\/wp\/v2\/users\/829"}],"replies":[{"embeddable":true,"href":"https:\/\/iscontte-crr.infd.edu.ar\/sitio\/wp-json\/wp\/v2\/comments?post=1433"}],"version-history":[{"count":4,"href":"https:\/\/iscontte-crr.infd.edu.ar\/sitio\/wp-json\/wp\/v2\/pages\/1433\/revisions"}],"predecessor-version":[{"id":2157,"href":"https:\/\/iscontte-crr.infd.edu.ar\/sitio\/wp-json\/wp\/v2\/pages\/1433\/revisions\/2157"}],"wp:attachment":[{"href":"https:\/\/iscontte-crr.infd.edu.ar\/sitio\/wp-json\/wp\/v2\/media?parent=1433"}],"curies":[{"name":"wp","href":"https:\/\/api.w.org\/{rel}","templated":true}]}}