{"id":2242,"date":"2025-11-05T19:55:54","date_gmt":"2025-11-05T22:55:54","guid":{"rendered":"https:\/\/iscontte-crr.infd.edu.ar\/sitio\/?page_id=2242"},"modified":"2025-11-06T10:20:50","modified_gmt":"2025-11-06T13:20:50","slug":"practicas-digitales-2025","status":"publish","type":"page","link":"https:\/\/iscontte-crr.infd.edu.ar\/sitio\/practicas-digitales-2025\/","title":{"rendered":"Expo Pr\u00e1cticas Digitales 2025"},"content":{"rendered":"\n<p>Un espacio de voces e im\u00e1genes virtuales que muestran, de manera muy concreta, el modo en que nos formamos haciendo con la pr\u00e1ctica.<\/p>\n\n\n\n<p>Pr\u00e1cticas Profesionalizantes- Artes Visuales<\/p>\n\n\n\n<figure class=\"wp-block-image size-large\"><img decoding=\"async\" loading=\"lazy\" width=\"1900\" height=\"1069\" src=\"https:\/\/iscontte-crr.infd.edu.ar\/sitio\/wp-content\/uploads\/2025\/11\/TSAV-PAP1-1900x1069.jpg\" alt=\"\" class=\"wp-image-2247\" srcset=\"https:\/\/iscontte-crr.infd.edu.ar\/sitio\/wp-content\/uploads\/2025\/11\/TSAV-PAP1-1900x1069.jpg 1900w, https:\/\/iscontte-crr.infd.edu.ar\/sitio\/wp-content\/uploads\/2025\/11\/TSAV-PAP1-1000x563.jpg 1000w, https:\/\/iscontte-crr.infd.edu.ar\/sitio\/wp-content\/uploads\/2025\/11\/TSAV-PAP1-768x432.jpg 768w, https:\/\/iscontte-crr.infd.edu.ar\/sitio\/wp-content\/uploads\/2025\/11\/TSAV-PAP1-1536x864.jpg 1536w, https:\/\/iscontte-crr.infd.edu.ar\/sitio\/wp-content\/uploads\/2025\/11\/TSAV-PAP1-2048x1152.jpg 2048w\" sizes=\"(max-width: 1900px) 100vw, 1900px\" \/><\/figure>\n\n\n\n<figure class=\"wp-block-image size-large\"><img decoding=\"async\" loading=\"lazy\" width=\"1900\" height=\"1069\" src=\"https:\/\/iscontte-crr.infd.edu.ar\/sitio\/wp-content\/uploads\/2025\/11\/TSAV-PAP2-POSTER-DIGITAL-1900x1069.jpg\" alt=\"\" class=\"wp-image-2230\" srcset=\"https:\/\/iscontte-crr.infd.edu.ar\/sitio\/wp-content\/uploads\/2025\/11\/TSAV-PAP2-POSTER-DIGITAL-1900x1069.jpg 1900w, https:\/\/iscontte-crr.infd.edu.ar\/sitio\/wp-content\/uploads\/2025\/11\/TSAV-PAP2-POSTER-DIGITAL-1000x563.jpg 1000w, https:\/\/iscontte-crr.infd.edu.ar\/sitio\/wp-content\/uploads\/2025\/11\/TSAV-PAP2-POSTER-DIGITAL-768x432.jpg 768w, https:\/\/iscontte-crr.infd.edu.ar\/sitio\/wp-content\/uploads\/2025\/11\/TSAV-PAP2-POSTER-DIGITAL-1536x864.jpg 1536w, https:\/\/iscontte-crr.infd.edu.ar\/sitio\/wp-content\/uploads\/2025\/11\/TSAV-PAP2-POSTER-DIGITAL-2048x1152.jpg 2048w\" sizes=\"(max-width: 1900px) 100vw, 1900px\" \/><\/figure>\n\n\n\n<figure class=\"wp-block-image size-large\"><img decoding=\"async\" loading=\"lazy\" width=\"1900\" height=\"1069\" src=\"https:\/\/iscontte-crr.infd.edu.ar\/sitio\/wp-content\/uploads\/2025\/11\/TSAV-PAP3--1900x1069.jpg\" alt=\"\" class=\"wp-image-2248\" srcset=\"https:\/\/iscontte-crr.infd.edu.ar\/sitio\/wp-content\/uploads\/2025\/11\/TSAV-PAP3--1900x1069.jpg 1900w, https:\/\/iscontte-crr.infd.edu.ar\/sitio\/wp-content\/uploads\/2025\/11\/TSAV-PAP3--1000x563.jpg 1000w, https:\/\/iscontte-crr.infd.edu.ar\/sitio\/wp-content\/uploads\/2025\/11\/TSAV-PAP3--768x432.jpg 768w, https:\/\/iscontte-crr.infd.edu.ar\/sitio\/wp-content\/uploads\/2025\/11\/TSAV-PAP3--1536x864.jpg 1536w, https:\/\/iscontte-crr.infd.edu.ar\/sitio\/wp-content\/uploads\/2025\/11\/TSAV-PAP3--2048x1152.jpg 2048w\" sizes=\"(max-width: 1900px) 100vw, 1900px\" \/><\/figure>\n\n\n\n<p>Pr\u00e1cticas Profesionalizantes- Traducci\u00f3n en Ingl\u00e9s  <\/p>\n\n\n\n<figure class=\"wp-block-image size-full\"><img decoding=\"async\" loading=\"lazy\" width=\"1584\" height=\"880\" src=\"https:\/\/iscontte-crr.infd.edu.ar\/sitio\/wp-content\/uploads\/2025\/11\/PP1-ingles.jpg\" alt=\"\" class=\"wp-image-2275\" srcset=\"https:\/\/iscontte-crr.infd.edu.ar\/sitio\/wp-content\/uploads\/2025\/11\/PP1-ingles.jpg 1584w, https:\/\/iscontte-crr.infd.edu.ar\/sitio\/wp-content\/uploads\/2025\/11\/PP1-ingles-1000x556.jpg 1000w, https:\/\/iscontte-crr.infd.edu.ar\/sitio\/wp-content\/uploads\/2025\/11\/PP1-ingles-768x427.jpg 768w, https:\/\/iscontte-crr.infd.edu.ar\/sitio\/wp-content\/uploads\/2025\/11\/PP1-ingles-1536x853.jpg 1536w\" sizes=\"(max-width: 1584px) 100vw, 1584px\" \/><\/figure>\n\n\n\n<figure class=\"wp-block-image size-full\"><img decoding=\"async\" loading=\"lazy\" width=\"1587\" height=\"888\" src=\"https:\/\/iscontte-crr.infd.edu.ar\/sitio\/wp-content\/uploads\/2025\/11\/PP2-ingles.jpg\" alt=\"\" class=\"wp-image-2276\" srcset=\"https:\/\/iscontte-crr.infd.edu.ar\/sitio\/wp-content\/uploads\/2025\/11\/PP2-ingles.jpg 1587w, https:\/\/iscontte-crr.infd.edu.ar\/sitio\/wp-content\/uploads\/2025\/11\/PP2-ingles-1000x560.jpg 1000w, https:\/\/iscontte-crr.infd.edu.ar\/sitio\/wp-content\/uploads\/2025\/11\/PP2-ingles-768x430.jpg 768w, https:\/\/iscontte-crr.infd.edu.ar\/sitio\/wp-content\/uploads\/2025\/11\/PP2-ingles-1536x859.jpg 1536w\" sizes=\"(max-width: 1587px) 100vw, 1587px\" \/><\/figure>\n\n\n\n<figure class=\"wp-block-image size-full\"><img decoding=\"async\" loading=\"lazy\" width=\"1585\" height=\"893\" src=\"https:\/\/iscontte-crr.infd.edu.ar\/sitio\/wp-content\/uploads\/2025\/11\/pp3-ingles.jpg\" alt=\"\" class=\"wp-image-2277\" srcset=\"https:\/\/iscontte-crr.infd.edu.ar\/sitio\/wp-content\/uploads\/2025\/11\/pp3-ingles.jpg 1585w, https:\/\/iscontte-crr.infd.edu.ar\/sitio\/wp-content\/uploads\/2025\/11\/pp3-ingles-1000x563.jpg 1000w, https:\/\/iscontte-crr.infd.edu.ar\/sitio\/wp-content\/uploads\/2025\/11\/pp3-ingles-768x433.jpg 768w, https:\/\/iscontte-crr.infd.edu.ar\/sitio\/wp-content\/uploads\/2025\/11\/pp3-ingles-1536x865.jpg 1536w\" sizes=\"(max-width: 1585px) 100vw, 1585px\" \/><\/figure>\n\n\n\n<p>Pr\u00e1cticas Docentes \u2013 Artes Visuales<\/p>\n\n\n\n<figure class=\"wp-block-image size-large\"><img decoding=\"async\" loading=\"lazy\" width=\"1900\" height=\"1068\" src=\"https:\/\/iscontte-crr.infd.edu.ar\/sitio\/wp-content\/uploads\/2025\/11\/PD-1-AV-TM-1900x1068.jpg\" alt=\"\" class=\"wp-image-2249\" srcset=\"https:\/\/iscontte-crr.infd.edu.ar\/sitio\/wp-content\/uploads\/2025\/11\/PD-1-AV-TM-1900x1068.jpg 1900w, https:\/\/iscontte-crr.infd.edu.ar\/sitio\/wp-content\/uploads\/2025\/11\/PD-1-AV-TM-1000x562.jpg 1000w, https:\/\/iscontte-crr.infd.edu.ar\/sitio\/wp-content\/uploads\/2025\/11\/PD-1-AV-TM-768x432.jpg 768w, https:\/\/iscontte-crr.infd.edu.ar\/sitio\/wp-content\/uploads\/2025\/11\/PD-1-AV-TM-1536x864.jpg 1536w, https:\/\/iscontte-crr.infd.edu.ar\/sitio\/wp-content\/uploads\/2025\/11\/PD-1-AV-TM-2048x1151.jpg 2048w\" sizes=\"(max-width: 1900px) 100vw, 1900px\" \/><\/figure>\n\n\n\n<figure class=\"wp-block-image size-large\"><img decoding=\"async\" loading=\"lazy\" width=\"1900\" height=\"1068\" src=\"https:\/\/iscontte-crr.infd.edu.ar\/sitio\/wp-content\/uploads\/2025\/11\/PD-2-AV-TM-1900x1068.jpg\" alt=\"\" class=\"wp-image-2250\" srcset=\"https:\/\/iscontte-crr.infd.edu.ar\/sitio\/wp-content\/uploads\/2025\/11\/PD-2-AV-TM-1900x1068.jpg 1900w, https:\/\/iscontte-crr.infd.edu.ar\/sitio\/wp-content\/uploads\/2025\/11\/PD-2-AV-TM-1000x562.jpg 1000w, https:\/\/iscontte-crr.infd.edu.ar\/sitio\/wp-content\/uploads\/2025\/11\/PD-2-AV-TM-768x432.jpg 768w, https:\/\/iscontte-crr.infd.edu.ar\/sitio\/wp-content\/uploads\/2025\/11\/PD-2-AV-TM-1536x864.jpg 1536w, https:\/\/iscontte-crr.infd.edu.ar\/sitio\/wp-content\/uploads\/2025\/11\/PD-2-AV-TM-2048x1151.jpg 2048w\" sizes=\"(max-width: 1900px) 100vw, 1900px\" \/><\/figure>\n\n\n\n<figure class=\"wp-block-image size-large\"><img decoding=\"async\" loading=\"lazy\" width=\"1900\" height=\"1069\" src=\"https:\/\/iscontte-crr.infd.edu.ar\/sitio\/wp-content\/uploads\/2025\/11\/PD-II-Prof-de-Artes-Visuales-Turno-Tarde-1900x1069.jpg\" alt=\"\" class=\"wp-image-2253\" srcset=\"https:\/\/iscontte-crr.infd.edu.ar\/sitio\/wp-content\/uploads\/2025\/11\/PD-II-Prof-de-Artes-Visuales-Turno-Tarde-1900x1069.jpg 1900w, https:\/\/iscontte-crr.infd.edu.ar\/sitio\/wp-content\/uploads\/2025\/11\/PD-II-Prof-de-Artes-Visuales-Turno-Tarde-1000x563.jpg 1000w, https:\/\/iscontte-crr.infd.edu.ar\/sitio\/wp-content\/uploads\/2025\/11\/PD-II-Prof-de-Artes-Visuales-Turno-Tarde-768x432.jpg 768w, https:\/\/iscontte-crr.infd.edu.ar\/sitio\/wp-content\/uploads\/2025\/11\/PD-II-Prof-de-Artes-Visuales-Turno-Tarde-1536x864.jpg 1536w, https:\/\/iscontte-crr.infd.edu.ar\/sitio\/wp-content\/uploads\/2025\/11\/PD-II-Prof-de-Artes-Visuales-Turno-Tarde.jpg 1920w\" sizes=\"(max-width: 1900px) 100vw, 1900px\" \/><\/figure>\n\n\n\n<figure class=\"wp-block-image size-large\"><img decoding=\"async\" loading=\"lazy\" width=\"1900\" height=\"1069\" src=\"https:\/\/iscontte-crr.infd.edu.ar\/sitio\/wp-content\/uploads\/2025\/11\/PD3_PROF.ARTES_TM-1900x1069.jpg\" alt=\"\" class=\"wp-image-2255\" srcset=\"https:\/\/iscontte-crr.infd.edu.ar\/sitio\/wp-content\/uploads\/2025\/11\/PD3_PROF.ARTES_TM-1900x1069.jpg 1900w, https:\/\/iscontte-crr.infd.edu.ar\/sitio\/wp-content\/uploads\/2025\/11\/PD3_PROF.ARTES_TM-1000x563.jpg 1000w, https:\/\/iscontte-crr.infd.edu.ar\/sitio\/wp-content\/uploads\/2025\/11\/PD3_PROF.ARTES_TM-768x432.jpg 768w, https:\/\/iscontte-crr.infd.edu.ar\/sitio\/wp-content\/uploads\/2025\/11\/PD3_PROF.ARTES_TM-1536x864.jpg 1536w, https:\/\/iscontte-crr.infd.edu.ar\/sitio\/wp-content\/uploads\/2025\/11\/PD3_PROF.ARTES_TM-2048x1152.jpg 2048w\" sizes=\"(max-width: 1900px) 100vw, 1900px\" \/><\/figure>\n\n\n\n<figure class=\"wp-block-image size-large\"><img decoding=\"async\" loading=\"lazy\" width=\"1900\" height=\"1068\" src=\"https:\/\/iscontte-crr.infd.edu.ar\/sitio\/wp-content\/uploads\/2025\/11\/PD-3-ARTES-V.-T.-T-1900x1068.jpg\" alt=\"\" class=\"wp-image-2251\" srcset=\"https:\/\/iscontte-crr.infd.edu.ar\/sitio\/wp-content\/uploads\/2025\/11\/PD-3-ARTES-V.-T.-T-1900x1068.jpg 1900w, https:\/\/iscontte-crr.infd.edu.ar\/sitio\/wp-content\/uploads\/2025\/11\/PD-3-ARTES-V.-T.-T-1000x562.jpg 1000w, https:\/\/iscontte-crr.infd.edu.ar\/sitio\/wp-content\/uploads\/2025\/11\/PD-3-ARTES-V.-T.-T-768x432.jpg 768w, https:\/\/iscontte-crr.infd.edu.ar\/sitio\/wp-content\/uploads\/2025\/11\/PD-3-ARTES-V.-T.-T-1536x864.jpg 1536w, https:\/\/iscontte-crr.infd.edu.ar\/sitio\/wp-content\/uploads\/2025\/11\/PD-3-ARTES-V.-T.-T-2048x1151.jpg 2048w\" sizes=\"(max-width: 1900px) 100vw, 1900px\" \/><\/figure>\n\n\n\n<figure class=\"wp-block-image size-full\"><img decoding=\"async\" loading=\"lazy\" width=\"904\" height=\"1280\" src=\"https:\/\/iscontte-crr.infd.edu.ar\/sitio\/wp-content\/uploads\/2025\/11\/RP-artes-tm.jpg\" alt=\"\" class=\"wp-image-2270\" srcset=\"https:\/\/iscontte-crr.infd.edu.ar\/sitio\/wp-content\/uploads\/2025\/11\/RP-artes-tm.jpg 904w, https:\/\/iscontte-crr.infd.edu.ar\/sitio\/wp-content\/uploads\/2025\/11\/RP-artes-tm-706x1000.jpg 706w, https:\/\/iscontte-crr.infd.edu.ar\/sitio\/wp-content\/uploads\/2025\/11\/RP-artes-tm-768x1087.jpg 768w\" sizes=\"(max-width: 904px) 100vw, 904px\" \/><\/figure>\n\n\n<div class=\"wp-block-image\">\n<figure class=\"aligncenter size-full is-resized\"><img decoding=\"async\" loading=\"lazy\" src=\"https:\/\/iscontte-crr.infd.edu.ar\/sitio\/wp-content\/uploads\/2025\/11\/RP_PROF.ARTES_T.T.jpeg\" alt=\"\" class=\"wp-image-2254\" width=\"512\" height=\"1159\" srcset=\"https:\/\/iscontte-crr.infd.edu.ar\/sitio\/wp-content\/uploads\/2025\/11\/RP_PROF.ARTES_T.T.jpeg 512w, https:\/\/iscontte-crr.infd.edu.ar\/sitio\/wp-content\/uploads\/2025\/11\/RP_PROF.ARTES_T.T-442x1000.jpeg 442w\" sizes=\"(max-width: 512px) 100vw, 512px\" \/><\/figure><\/div>\n\n\n<figure class=\"wp-block-image size-large\"><img decoding=\"async\" loading=\"lazy\" width=\"1900\" height=\"1069\" src=\"https:\/\/iscontte-crr.infd.edu.ar\/sitio\/wp-content\/uploads\/2025\/11\/RP_PROF.ARTES_TT-1900x1069.jpg\" alt=\"\" class=\"wp-image-2252\" srcset=\"https:\/\/iscontte-crr.infd.edu.ar\/sitio\/wp-content\/uploads\/2025\/11\/RP_PROF.ARTES_TT-1900x1069.jpg 1900w, https:\/\/iscontte-crr.infd.edu.ar\/sitio\/wp-content\/uploads\/2025\/11\/RP_PROF.ARTES_TT-1000x563.jpg 1000w, https:\/\/iscontte-crr.infd.edu.ar\/sitio\/wp-content\/uploads\/2025\/11\/RP_PROF.ARTES_TT-768x432.jpg 768w, https:\/\/iscontte-crr.infd.edu.ar\/sitio\/wp-content\/uploads\/2025\/11\/RP_PROF.ARTES_TT-1536x864.jpg 1536w, https:\/\/iscontte-crr.infd.edu.ar\/sitio\/wp-content\/uploads\/2025\/11\/RP_PROF.ARTES_TT.jpg 1920w\" sizes=\"(max-width: 1900px) 100vw, 1900px\" \/><\/figure>\n\n\n\n<p>Pr\u00e1cticas Docentes \u2013 Ingl\u00e9s<\/p>\n\n\n\n<figure class=\"wp-block-image size-full\"><img decoding=\"async\" loading=\"lazy\" width=\"1585\" height=\"1487\" src=\"https:\/\/iscontte-crr.infd.edu.ar\/sitio\/wp-content\/uploads\/2025\/11\/Poster-Practica-docente-I-Ingles.png\" alt=\"\" class=\"wp-image-2257\" srcset=\"https:\/\/iscontte-crr.infd.edu.ar\/sitio\/wp-content\/uploads\/2025\/11\/Poster-Practica-docente-I-Ingles.png 1585w, https:\/\/iscontte-crr.infd.edu.ar\/sitio\/wp-content\/uploads\/2025\/11\/Poster-Practica-docente-I-Ingles-1000x938.png 1000w, https:\/\/iscontte-crr.infd.edu.ar\/sitio\/wp-content\/uploads\/2025\/11\/Poster-Practica-docente-I-Ingles-768x721.png 768w, https:\/\/iscontte-crr.infd.edu.ar\/sitio\/wp-content\/uploads\/2025\/11\/Poster-Practica-docente-I-Ingles-1536x1441.png 1536w\" sizes=\"(max-width: 1585px) 100vw, 1585px\" \/><\/figure>\n\n\n\n<figure class=\"wp-block-image size-large\"><img decoding=\"async\" loading=\"lazy\" width=\"1900\" height=\"1069\" src=\"https:\/\/iscontte-crr.infd.edu.ar\/sitio\/wp-content\/uploads\/2025\/11\/PD1-Profesorado-de-Ingles-T.T-1900x1069.png\" alt=\"\" class=\"wp-image-2256\" srcset=\"https:\/\/iscontte-crr.infd.edu.ar\/sitio\/wp-content\/uploads\/2025\/11\/PD1-Profesorado-de-Ingles-T.T-1900x1069.png 1900w, https:\/\/iscontte-crr.infd.edu.ar\/sitio\/wp-content\/uploads\/2025\/11\/PD1-Profesorado-de-Ingles-T.T-1000x563.png 1000w, https:\/\/iscontte-crr.infd.edu.ar\/sitio\/wp-content\/uploads\/2025\/11\/PD1-Profesorado-de-Ingles-T.T-768x432.png 768w, https:\/\/iscontte-crr.infd.edu.ar\/sitio\/wp-content\/uploads\/2025\/11\/PD1-Profesorado-de-Ingles-T.T-1536x864.png 1536w, https:\/\/iscontte-crr.infd.edu.ar\/sitio\/wp-content\/uploads\/2025\/11\/PD1-Profesorado-de-Ingles-T.T-2048x1152.png 2048w\" sizes=\"(max-width: 1900px) 100vw, 1900px\" \/><\/figure>\n\n\n\n<figure class=\"wp-block-image size-full\"><img decoding=\"async\" loading=\"lazy\" width=\"1363\" height=\"767\" src=\"https:\/\/iscontte-crr.infd.edu.ar\/sitio\/wp-content\/uploads\/2025\/11\/PD2.Prof-de-Ingles.TT_.jpg\" alt=\"\" class=\"wp-image-2258\" srcset=\"https:\/\/iscontte-crr.infd.edu.ar\/sitio\/wp-content\/uploads\/2025\/11\/PD2.Prof-de-Ingles.TT_.jpg 1363w, https:\/\/iscontte-crr.infd.edu.ar\/sitio\/wp-content\/uploads\/2025\/11\/PD2.Prof-de-Ingles.TT_-1000x563.jpg 1000w, https:\/\/iscontte-crr.infd.edu.ar\/sitio\/wp-content\/uploads\/2025\/11\/PD2.Prof-de-Ingles.TT_-768x432.jpg 768w\" sizes=\"(max-width: 1363px) 100vw, 1363px\" \/><\/figure>\n\n\n\n<figure class=\"wp-block-image size-full\"><img decoding=\"async\" loading=\"lazy\" width=\"1400\" height=\"791\" src=\"https:\/\/iscontte-crr.infd.edu.ar\/sitio\/wp-content\/uploads\/2025\/11\/PD3-Ingles_TM.jpg\" alt=\"\" class=\"wp-image-2272\" srcset=\"https:\/\/iscontte-crr.infd.edu.ar\/sitio\/wp-content\/uploads\/2025\/11\/PD3-Ingles_TM.jpg 1400w, https:\/\/iscontte-crr.infd.edu.ar\/sitio\/wp-content\/uploads\/2025\/11\/PD3-Ingles_TM-1000x565.jpg 1000w, https:\/\/iscontte-crr.infd.edu.ar\/sitio\/wp-content\/uploads\/2025\/11\/PD3-Ingles_TM-768x434.jpg 768w\" sizes=\"(max-width: 1400px) 100vw, 1400px\" \/><\/figure>\n\n\n\n<figure class=\"wp-block-image size-full\"><img decoding=\"async\" loading=\"lazy\" width=\"1590\" height=\"873\" src=\"https:\/\/iscontte-crr.infd.edu.ar\/sitio\/wp-content\/uploads\/2025\/11\/pd-3-tt.jpg\" alt=\"\" class=\"wp-image-2282\" srcset=\"https:\/\/iscontte-crr.infd.edu.ar\/sitio\/wp-content\/uploads\/2025\/11\/pd-3-tt.jpg 1590w, https:\/\/iscontte-crr.infd.edu.ar\/sitio\/wp-content\/uploads\/2025\/11\/pd-3-tt-1000x549.jpg 1000w, https:\/\/iscontte-crr.infd.edu.ar\/sitio\/wp-content\/uploads\/2025\/11\/pd-3-tt-768x422.jpg 768w, https:\/\/iscontte-crr.infd.edu.ar\/sitio\/wp-content\/uploads\/2025\/11\/pd-3-tt-1536x843.jpg 1536w\" sizes=\"(max-width: 1590px) 100vw, 1590px\" \/><\/figure>\n\n\n\n<figure class=\"wp-block-image size-large\"><img decoding=\"async\" loading=\"lazy\" width=\"1900\" height=\"1069\" src=\"https:\/\/iscontte-crr.infd.edu.ar\/sitio\/wp-content\/uploads\/2025\/11\/RP.Ingles.TM_-1900x1069.jpg\" alt=\"\" class=\"wp-image-2260\" srcset=\"https:\/\/iscontte-crr.infd.edu.ar\/sitio\/wp-content\/uploads\/2025\/11\/RP.Ingles.TM_-1900x1069.jpg 1900w, https:\/\/iscontte-crr.infd.edu.ar\/sitio\/wp-content\/uploads\/2025\/11\/RP.Ingles.TM_-1000x563.jpg 1000w, https:\/\/iscontte-crr.infd.edu.ar\/sitio\/wp-content\/uploads\/2025\/11\/RP.Ingles.TM_-768x432.jpg 768w, https:\/\/iscontte-crr.infd.edu.ar\/sitio\/wp-content\/uploads\/2025\/11\/RP.Ingles.TM_-1536x864.jpg 1536w, https:\/\/iscontte-crr.infd.edu.ar\/sitio\/wp-content\/uploads\/2025\/11\/RP.Ingles.TM_.jpg 1920w\" sizes=\"(max-width: 1900px) 100vw, 1900px\" \/><\/figure>\n\n\n\n<figure class=\"wp-block-image size-large\"><img decoding=\"async\" loading=\"lazy\" width=\"1900\" height=\"1069\" src=\"https:\/\/iscontte-crr.infd.edu.ar\/sitio\/wp-content\/uploads\/2025\/11\/RP.Ingles.TT_.pptx-1900x1069.jpg\" alt=\"\" class=\"wp-image-2261\" srcset=\"https:\/\/iscontte-crr.infd.edu.ar\/sitio\/wp-content\/uploads\/2025\/11\/RP.Ingles.TT_.pptx-1900x1069.jpg 1900w, https:\/\/iscontte-crr.infd.edu.ar\/sitio\/wp-content\/uploads\/2025\/11\/RP.Ingles.TT_.pptx-1000x562.jpg 1000w, https:\/\/iscontte-crr.infd.edu.ar\/sitio\/wp-content\/uploads\/2025\/11\/RP.Ingles.TT_.pptx-768x432.jpg 768w, https:\/\/iscontte-crr.infd.edu.ar\/sitio\/wp-content\/uploads\/2025\/11\/RP.Ingles.TT_.pptx-1536x864.jpg 1536w, https:\/\/iscontte-crr.infd.edu.ar\/sitio\/wp-content\/uploads\/2025\/11\/RP.Ingles.TT_.pptx-2048x1152.jpg 2048w\" sizes=\"(max-width: 1900px) 100vw, 1900px\" \/><\/figure>\n\n\n\n<p>Pr\u00e1cticas Docentes \u2013 Franc\u00e9s &nbsp;<\/p>\n\n\n\n<figure class=\"wp-block-image size-large\"><img decoding=\"async\" loading=\"lazy\" width=\"1900\" height=\"1069\" src=\"https:\/\/iscontte-crr.infd.edu.ar\/sitio\/wp-content\/uploads\/2025\/11\/PDI-FRANCES-PLANTILLA-POSTER-DIGITAL-1-1900x1069.jpg\" alt=\"\" class=\"wp-image-2263\" srcset=\"https:\/\/iscontte-crr.infd.edu.ar\/sitio\/wp-content\/uploads\/2025\/11\/PDI-FRANCES-PLANTILLA-POSTER-DIGITAL-1-1900x1069.jpg 1900w, https:\/\/iscontte-crr.infd.edu.ar\/sitio\/wp-content\/uploads\/2025\/11\/PDI-FRANCES-PLANTILLA-POSTER-DIGITAL-1-1000x563.jpg 1000w, https:\/\/iscontte-crr.infd.edu.ar\/sitio\/wp-content\/uploads\/2025\/11\/PDI-FRANCES-PLANTILLA-POSTER-DIGITAL-1-768x432.jpg 768w, https:\/\/iscontte-crr.infd.edu.ar\/sitio\/wp-content\/uploads\/2025\/11\/PDI-FRANCES-PLANTILLA-POSTER-DIGITAL-1-1536x864.jpg 1536w, https:\/\/iscontte-crr.infd.edu.ar\/sitio\/wp-content\/uploads\/2025\/11\/PDI-FRANCES-PLANTILLA-POSTER-DIGITAL-1-2048x1152.jpg 2048w\" sizes=\"(max-width: 1900px) 100vw, 1900px\" \/><\/figure>\n\n\n\n<figure class=\"wp-block-image size-large\"><img decoding=\"async\" loading=\"lazy\" width=\"1900\" height=\"1069\" src=\"https:\/\/iscontte-crr.infd.edu.ar\/sitio\/wp-content\/uploads\/2025\/11\/PD-3.-FRANCES-1900x1069.png\" alt=\"\" class=\"wp-image-2264\" srcset=\"https:\/\/iscontte-crr.infd.edu.ar\/sitio\/wp-content\/uploads\/2025\/11\/PD-3.-FRANCES-1900x1069.png 1900w, https:\/\/iscontte-crr.infd.edu.ar\/sitio\/wp-content\/uploads\/2025\/11\/PD-3.-FRANCES-1000x563.png 1000w, https:\/\/iscontte-crr.infd.edu.ar\/sitio\/wp-content\/uploads\/2025\/11\/PD-3.-FRANCES-768x432.png 768w, https:\/\/iscontte-crr.infd.edu.ar\/sitio\/wp-content\/uploads\/2025\/11\/PD-3.-FRANCES-1536x864.png 1536w, https:\/\/iscontte-crr.infd.edu.ar\/sitio\/wp-content\/uploads\/2025\/11\/PD-3.-FRANCES-2048x1152.png 2048w\" sizes=\"(max-width: 1900px) 100vw, 1900px\" \/><\/figure>\n\n\n\n<figure class=\"wp-block-image size-large\"><img decoding=\"async\" loading=\"lazy\" width=\"1900\" height=\"1069\" src=\"https:\/\/iscontte-crr.infd.edu.ar\/sitio\/wp-content\/uploads\/2025\/11\/RP.FRANCES.-TT-1900x1069.jpg\" alt=\"\" class=\"wp-image-2265\" srcset=\"https:\/\/iscontte-crr.infd.edu.ar\/sitio\/wp-content\/uploads\/2025\/11\/RP.FRANCES.-TT-1900x1069.jpg 1900w, https:\/\/iscontte-crr.infd.edu.ar\/sitio\/wp-content\/uploads\/2025\/11\/RP.FRANCES.-TT-1000x563.jpg 1000w, https:\/\/iscontte-crr.infd.edu.ar\/sitio\/wp-content\/uploads\/2025\/11\/RP.FRANCES.-TT-768x432.jpg 768w, https:\/\/iscontte-crr.infd.edu.ar\/sitio\/wp-content\/uploads\/2025\/11\/RP.FRANCES.-TT-1536x864.jpg 1536w, https:\/\/iscontte-crr.infd.edu.ar\/sitio\/wp-content\/uploads\/2025\/11\/RP.FRANCES.-TT-2048x1152.jpg 2048w\" sizes=\"(max-width: 1900px) 100vw, 1900px\" \/><\/figure>\n\n\n\n<p>Pr\u00e1cticas Docentes \u2013 Portugu\u00e9s &nbsp;<\/p>\n\n\n\n<figure class=\"wp-block-image size-large\"><img decoding=\"async\" loading=\"lazy\" width=\"1900\" height=\"1069\" src=\"https:\/\/iscontte-crr.infd.edu.ar\/sitio\/wp-content\/uploads\/2025\/11\/PDI-PORTUGUES-PLANTILLA-POSTER-DIGITAL-1-1900x1069.jpg\" alt=\"\" class=\"wp-image-2266\" srcset=\"https:\/\/iscontte-crr.infd.edu.ar\/sitio\/wp-content\/uploads\/2025\/11\/PDI-PORTUGUES-PLANTILLA-POSTER-DIGITAL-1-1900x1069.jpg 1900w, https:\/\/iscontte-crr.infd.edu.ar\/sitio\/wp-content\/uploads\/2025\/11\/PDI-PORTUGUES-PLANTILLA-POSTER-DIGITAL-1-1000x563.jpg 1000w, https:\/\/iscontte-crr.infd.edu.ar\/sitio\/wp-content\/uploads\/2025\/11\/PDI-PORTUGUES-PLANTILLA-POSTER-DIGITAL-1-768x432.jpg 768w, https:\/\/iscontte-crr.infd.edu.ar\/sitio\/wp-content\/uploads\/2025\/11\/PDI-PORTUGUES-PLANTILLA-POSTER-DIGITAL-1-1536x864.jpg 1536w, https:\/\/iscontte-crr.infd.edu.ar\/sitio\/wp-content\/uploads\/2025\/11\/PDI-PORTUGUES-PLANTILLA-POSTER-DIGITAL-1-2048x1152.jpg 2048w\" sizes=\"(max-width: 1900px) 100vw, 1900px\" \/><\/figure>\n\n\n\n<figure class=\"wp-block-image size-full\"><img decoding=\"async\" loading=\"lazy\" width=\"677\" height=\"1280\" src=\"https:\/\/iscontte-crr.infd.edu.ar\/sitio\/wp-content\/uploads\/2025\/11\/PD-II-Profesorado-de-Portugues.jpg\" alt=\"\" class=\"wp-image-2279\" srcset=\"https:\/\/iscontte-crr.infd.edu.ar\/sitio\/wp-content\/uploads\/2025\/11\/PD-II-Profesorado-de-Portugues.jpg 677w, https:\/\/iscontte-crr.infd.edu.ar\/sitio\/wp-content\/uploads\/2025\/11\/PD-II-Profesorado-de-Portugues-529x1000.jpg 529w\" sizes=\"(max-width: 677px) 100vw, 677px\" \/><\/figure>\n\n\n\n<figure class=\"wp-block-image size-full\"><img decoding=\"async\" loading=\"lazy\" width=\"1400\" height=\"788\" src=\"https:\/\/iscontte-crr.infd.edu.ar\/sitio\/wp-content\/uploads\/2025\/11\/pd3-portu.jpg\" alt=\"\" class=\"wp-image-2278\" srcset=\"https:\/\/iscontte-crr.infd.edu.ar\/sitio\/wp-content\/uploads\/2025\/11\/pd3-portu.jpg 1400w, https:\/\/iscontte-crr.infd.edu.ar\/sitio\/wp-content\/uploads\/2025\/11\/pd3-portu-1000x563.jpg 1000w, https:\/\/iscontte-crr.infd.edu.ar\/sitio\/wp-content\/uploads\/2025\/11\/pd3-portu-768x432.jpg 768w\" sizes=\"(max-width: 1400px) 100vw, 1400px\" \/><\/figure>\n\n\n\n<figure class=\"wp-block-image size-large\"><img decoding=\"async\" loading=\"lazy\" width=\"1900\" height=\"1069\" src=\"https:\/\/iscontte-crr.infd.edu.ar\/sitio\/wp-content\/uploads\/2025\/11\/RP-PORTUGUES-1900x1069.jpg\" alt=\"\" class=\"wp-image-2267\" srcset=\"https:\/\/iscontte-crr.infd.edu.ar\/sitio\/wp-content\/uploads\/2025\/11\/RP-PORTUGUES-1900x1069.jpg 1900w, https:\/\/iscontte-crr.infd.edu.ar\/sitio\/wp-content\/uploads\/2025\/11\/RP-PORTUGUES-1000x563.jpg 1000w, https:\/\/iscontte-crr.infd.edu.ar\/sitio\/wp-content\/uploads\/2025\/11\/RP-PORTUGUES-768x432.jpg 768w, https:\/\/iscontte-crr.infd.edu.ar\/sitio\/wp-content\/uploads\/2025\/11\/RP-PORTUGUES-1536x864.jpg 1536w, https:\/\/iscontte-crr.infd.edu.ar\/sitio\/wp-content\/uploads\/2025\/11\/RP-PORTUGUES-2048x1152.jpg 2048w\" sizes=\"(max-width: 1900px) 100vw, 1900px\" \/><\/figure>\n\n\n\n<p>Pr\u00e1cticas Docentes \u2013 Italiano<\/p>\n\n\n\n<figure class=\"wp-block-image size-large\"><img decoding=\"async\" loading=\"lazy\" width=\"1900\" height=\"1069\" src=\"https:\/\/iscontte-crr.infd.edu.ar\/sitio\/wp-content\/uploads\/2025\/11\/PD3.Italiano-1900x1069.png\" alt=\"\" class=\"wp-image-2268\" srcset=\"https:\/\/iscontte-crr.infd.edu.ar\/sitio\/wp-content\/uploads\/2025\/11\/PD3.Italiano-1900x1069.png 1900w, https:\/\/iscontte-crr.infd.edu.ar\/sitio\/wp-content\/uploads\/2025\/11\/PD3.Italiano-1000x562.png 1000w, https:\/\/iscontte-crr.infd.edu.ar\/sitio\/wp-content\/uploads\/2025\/11\/PD3.Italiano-768x432.png 768w, https:\/\/iscontte-crr.infd.edu.ar\/sitio\/wp-content\/uploads\/2025\/11\/PD3.Italiano-1536x864.png 1536w, https:\/\/iscontte-crr.infd.edu.ar\/sitio\/wp-content\/uploads\/2025\/11\/PD3.Italiano-2048x1152.png 2048w\" sizes=\"(max-width: 1900px) 100vw, 1900px\" \/><\/figure>\n","protected":false},"excerpt":{"rendered":"<p>Un espacio de voces e im\u00e1genes virtuales que muestran, de manera muy concreta, el modo en que nos formamos haciendo con la pr\u00e1ctica. Pr\u00e1cticas Profesionalizantes- Artes Visuales Pr\u00e1cticas Profesionalizantes- Traducci\u00f3n en Ingl\u00e9s Pr\u00e1cticas Docentes \u2013 Artes Visuales Pr\u00e1cticas Docentes \u2013 Ingl\u00e9s Pr\u00e1cticas Docentes \u2013 Franc\u00e9s &nbsp; Pr\u00e1cticas Docentes \u2013 Portugu\u00e9s &nbsp; Pr\u00e1cticas Docentes \u2013 Italiano<\/p>\n","protected":false},"author":829,"featured_media":0,"parent":0,"menu_order":0,"comment_status":"closed","ping_status":"closed","template":"","meta":[],"acf":[],"_links":{"self":[{"href":"https:\/\/iscontte-crr.infd.edu.ar\/sitio\/wp-json\/wp\/v2\/pages\/2242"}],"collection":[{"href":"https:\/\/iscontte-crr.infd.edu.ar\/sitio\/wp-json\/wp\/v2\/pages"}],"about":[{"href":"https:\/\/iscontte-crr.infd.edu.ar\/sitio\/wp-json\/wp\/v2\/types\/page"}],"author":[{"embeddable":true,"href":"https:\/\/iscontte-crr.infd.edu.ar\/sitio\/wp-json\/wp\/v2\/users\/829"}],"replies":[{"embeddable":true,"href":"https:\/\/iscontte-crr.infd.edu.ar\/sitio\/wp-json\/wp\/v2\/comments?post=2242"}],"version-history":[{"count":6,"href":"https:\/\/iscontte-crr.infd.edu.ar\/sitio\/wp-json\/wp\/v2\/pages\/2242\/revisions"}],"predecessor-version":[{"id":2283,"href":"https:\/\/iscontte-crr.infd.edu.ar\/sitio\/wp-json\/wp\/v2\/pages\/2242\/revisions\/2283"}],"wp:attachment":[{"href":"https:\/\/iscontte-crr.infd.edu.ar\/sitio\/wp-json\/wp\/v2\/media?parent=2242"}],"curies":[{"name":"wp","href":"https:\/\/api.w.org\/{rel}","templated":true}]}}