{"id":286,"date":"2016-10-31T13:17:59","date_gmt":"2016-10-31T16:17:59","guid":{"rendered":"https:\/\/iscontte-crr.infd.edu.ar\/sitio\/?page_id=286"},"modified":"2026-02-24T20:35:16","modified_gmt":"2026-02-24T23:35:16","slug":"inicio","status":"publish","type":"page","link":"https:\/\/iscontte-crr.infd.edu.ar\/sitio\/","title":{"rendered":"INICIO"},"content":{"rendered":"\n<h6 class=\"wp-block-heading alignwide has-text-align-center\"><\/h6>\n\n\n<p>\u00a0<\/p>\n<table id=\"table1\" class=\"aligncenter\" style=\"text-align: center;\" border=\"1\" cellspacing=\"0\" cellpadding=\"10\" align=\"center\">\n<tbody>\n<tr>\n<td>\n<p><a href=\"https:\/\/simaeducativa.mec.gob.ar\/contte\/\">https:\/\/simaeducativa.mec.gob.ar\/contte\/<\/a><\/p>\n<p><a href=\"http:\/\/simaeducativa.mec.gob.ar\/ingresantes\/\">http:\/\/simaeducativa.mec.gob.ar\/ingresantes\/<\/a><\/p>\n<p><a href=\"http:\/\/www.josefinacontte.edu.ar\/\">P\u00e1gina del instituto:\u00a0\u00a0http:\/\/www.josefinacontte.edu.ar\/<\/a><\/p>\n<p><a href=\"https:\/\/www.facebook.com\/Instituto-Superior-Josefina-Contte-105167081436256\">Facebook INSTITUTOSUPERIORJOSEFINACONTTE<\/a><\/p>\n<p><img decoding=\"async\" loading=\"lazy\" class=\"wp-image-2159 aligncenter\" src=\"https:\/\/iscontte-crr.infd.edu.ar\/sitio\/wp-content\/uploads\/2025\/10\/logo-pin-1.jpg\" alt=\"\" width=\"299\" height=\"299\" srcset=\"https:\/\/iscontte-crr.infd.edu.ar\/sitio\/wp-content\/uploads\/2025\/10\/logo-pin-1.jpg 768w, https:\/\/iscontte-crr.infd.edu.ar\/sitio\/wp-content\/uploads\/2025\/10\/logo-pin-1-500x500.jpg 500w\" sizes=\"(max-width: 299px) 100vw, 299px\" \/><\/p>\n<h4 dir=\"ltr\"><span style=\"color: #0000ff;\">AUTORIDADES<\/span><\/h4>\n<p dir=\"ltr\"><b>Rectora\u00a0<\/b> Lic. Prof. Ma. de Lourdes Godoy<\/p>\n<p dir=\"ltr\"><b>Vicerrectora<\/b>\u00a0 Lic. Prof. Carina Carril<\/p>\n<p dir=\"ltr\"><b>Vicerrectora<\/b> Lic. Prof. Patricia Wenk<\/p>\n<h5><span style=\"color: #96093b;\"><span style=\"color: #0000ff;\">EQUIPO DE GESTI\u00d3N<\/span>\u00a0<\/span><\/h5>\n<p dir=\"ltr\"><b>Secretario Acad\u00e9mico <\/b>Esp. Prof. Fabi\u00e1n Fern\u00e1ndez<\/p>\n<p dir=\"ltr\"><b>Secretaria Administrativa<\/b>\u00a0Prof. Hebe Farioli<\/p>\n<p><b>Bedel <\/b>Prof. N\u00fa\u00f1ez Alicia<\/p>\n<h5><span style=\"color: #96093b;\"><span style=\"color: #0000ff;\">Coordinadores de \u00c1reas<\/span><\/span><\/h5>\n<div dir=\"ltr\"><b>Formaci\u00f3n\u00a0Inicial <\/b>Prof. Juan Pablo Ramos Ira\u00f1eta<\/div>\n<div dir=\"ltr\"><b>Formaci\u00f3n\u00a0Continua<\/b> Prof. Julio Cesar Yank<\/div>\n<div dir=\"ltr\"><b>Investigaci\u00f3n <\/b>Prof. Mariana Sottile<\/div>\n<div dir=\"ltr\"><strong>Apoyo Pedag\u00f3gico a Escuelas<\/strong>\u00a0Prof. Molina D\u00e9bora<\/div>\n<div dir=\"ltr\"><b>Pr\u00e1cticas Docentes <\/b>Prof. Ximena Pedroso<\/div>\n<div dir=\"ltr\"><b>Pr\u00e1cticas Profesionalizantes <\/b>Prof. Christian \u00c1lvarez<\/div>\n<div dir=\"ltr\"><b>Pol\u00edticas Estu<\/b><strong>diantiles\u00a0<\/strong>Prof. Andrea Behr<\/div>\n<div dir=\"ltr\"><b>Cursos Regulares de Extensi\u00f3n<\/b> Prof. Ma. Cristina Sotelo<\/div>\n<div dir=\"ltr\">\u00a0<\/div>\n<h5 dir=\"ltr\"><span style=\"color: #96093b;\"><span style=\"color: #0000ff;\">Coordinadores de Carreras<\/span><\/span><\/h5>\n<p><strong>PROFESORADOS<\/strong><\/p>\n<div dir=\"ltr\"><strong>Profesorado de Artes Visuales <\/strong>Prof. Jos\u00e9 Ma. Cano<\/div>\n<div dir=\"ltr\"><b>Profesorado de Ingl\u00e9s\u00a0\u00a0<\/b>Prof. Mariana Uresberoeta<\/div>\n<div dir=\"ltr\"><strong>Profesorado de Italiano<\/strong> Prof. &#8212;-<\/div>\n<div dir=\"ltr\"><strong>Profesorado de Franc\u00e9s<\/strong> Prof. Guadalupe G\u00f3mez<\/div>\n<p dir=\"ltr\"><strong>Profesorado de Portugu\u00e9s\u00a0\u00a0<\/strong><span style=\"color: #3a3a3a;\">Prof. Aurora Zandon\u00e1<\/span><\/p>\n<p dir=\"ltr\"><strong>TECNICATURAS<\/strong><\/p>\n<div dir=\"ltr\"><b>Tecnicatura Superior en Producci\u00f3n en Artes Visuales\u00a0\u00a0<\/b>Prof. Joana S\u00e1nchez<\/div>\n<div dir=\"ltr\"><b>Tecnicatura Superior en Traducci\u00f3n en Ingl\u00e9s \u00a0<\/b>Prof. Ma. Laura Frati<\/div>\n<div dir=\"ltr\">\u00a0<\/div>\n<div dir=\"ltr\">\u00a0<\/div>\n<h5 dir=\"ltr\"><span style=\"color: #0000ff;\">Preceptores de Nivel Superior<\/span><\/h5>\n<div dir=\"ltr\"><span style=\"font-size: revert; font-family: inherit; font-weight: inherit;\">Profesorado de Artes Visuales: Alicia N\u00fa\u00f1ez (turno ma\u00f1ana)<\/span><\/div>\n<div dir=\"ltr\">\u00a0 \u00a0 \u00a0 \u00a0 \u00a0 \u00a0 \u00a0 \u00a0 \u00a0 \u00a0 \u00a0 \u00a0 \u00a0 \u00a0 \u00a0 \u00a0 \u00a0 \u00a0 \u00a0 \u00a0 \u00a0 \u00a0 \u00a0 \u00a0 \u00a0 \u00a0 \u00a0 \u00a0 Gabriela Barrios (turno tarde)<\/div>\n<div dir=\"ltr\"><span style=\"font-size: revert; font-family: inherit; font-weight: inherit;\">Profesorado de Franc\u00e9s: Ma. Gloria Costaguta (turno tarde)<\/span><\/div>\n<div dir=\"ltr\"><span style=\"font-size: revert; font-family: inherit; font-weight: inherit;\">Profesorado de Ingl\u00e9s: Claudia Sandoval (turno ma\u00f1ana y tarde)<\/span><\/div>\n<div dir=\"ltr\"><span style=\"font-size: revert; font-family: inherit; font-weight: inherit;\">Profesorado de Portugu\u00e9s: Ma. Gloria Costaguta (turno tarde)<\/span><\/div>\n<div dir=\"ltr\"><span style=\"font-size: revert; font-family: inherit; font-weight: inherit;\">Tec. Sup. en Prod. en Artes Visuales: Ma. Gloria Costaguta (t. tarde)<\/span><\/div>\n<div dir=\"ltr\"><span style=\"font-size: revert; font-family: inherit; font-weight: inherit;\">Tec. Sup. en Traducci\u00f3n en Ingl\u00e9s: Ram\u00f3n P\u00e9rez (turno ma\u00f1ana)<\/span><\/div>\n<div dir=\"ltr\">\u00a0<\/div>\n<div dir=\"ltr\"><img decoding=\"async\" loading=\"lazy\" class=\"wp-image-1840\" src=\"https:\/\/iscontte-crr.infd.edu.ar\/sitio\/wp-content\/uploads\/2023\/04\/JOSEFINA-OVALADA-FOTO2.1-1000x413.jpg\" alt=\"\" width=\"402\" height=\"166\" srcset=\"https:\/\/iscontte-crr.infd.edu.ar\/sitio\/wp-content\/uploads\/2023\/04\/JOSEFINA-OVALADA-FOTO2.1-1000x413.jpg 1000w, https:\/\/iscontte-crr.infd.edu.ar\/sitio\/wp-content\/uploads\/2023\/04\/JOSEFINA-OVALADA-FOTO2.1-768x317.jpg 768w, https:\/\/iscontte-crr.infd.edu.ar\/sitio\/wp-content\/uploads\/2023\/04\/JOSEFINA-OVALADA-FOTO2.1.jpg 1280w\" sizes=\"(max-width: 402px) 100vw, 402px\" \/><\/div>\n<div dir=\"ltr\">\u00a0<\/div>\n<\/td>\n<\/tr>\n<\/tbody>\n<\/table>\n<p><!--more--><\/p>\n<p><!--more--><\/p>\n<p><!--more--><\/p>","protected":false},"excerpt":{"rendered":"<p>\u00a0 https:\/\/simaeducativa.mec.gob.ar\/contte\/ http:\/\/simaeducativa.mec.gob.ar\/ingresantes\/ P\u00e1gina del instituto:\u00a0\u00a0http:\/\/www.josefinacontte.edu.ar\/ Facebook INSTITUTOSUPERIORJOSEFINACONTTE AUTORIDADES Rectora\u00a0 Lic. Prof. Ma. de Lourdes Godoy Vicerrectora\u00a0 Lic. Prof. Carina Carril Vicerrectora Lic. Prof. Patricia Wenk EQUIPO DE GESTI\u00d3N\u00a0 Secretario Acad\u00e9mico Esp. Prof. Fabi\u00e1n Fern\u00e1ndez Secretaria Administrativa\u00a0Prof. Hebe Farioli Bedel Prof. N\u00fa\u00f1ez Alicia Coordinadores de \u00c1reas Formaci\u00f3n\u00a0Inicial Prof. Juan Pablo Ramos Ira\u00f1eta Formaci\u00f3n\u00a0Continua Prof. Julio &#8230; <a title=\"INICIO\" class=\"read-more\" href=\"https:\/\/iscontte-crr.infd.edu.ar\/sitio\/\" aria-label=\"More on INICIO\">[+]<\/a><\/p>\n","protected":false},"author":1,"featured_media":0,"parent":0,"menu_order":0,"comment_status":"closed","ping_status":"closed","template":"","meta":[],"acf":[],"_links":{"self":[{"href":"https:\/\/iscontte-crr.infd.edu.ar\/sitio\/wp-json\/wp\/v2\/pages\/286"}],"collection":[{"href":"https:\/\/iscontte-crr.infd.edu.ar\/sitio\/wp-json\/wp\/v2\/pages"}],"about":[{"href":"https:\/\/iscontte-crr.infd.edu.ar\/sitio\/wp-json\/wp\/v2\/types\/page"}],"author":[{"embeddable":true,"href":"https:\/\/iscontte-crr.infd.edu.ar\/sitio\/wp-json\/wp\/v2\/users\/1"}],"replies":[{"embeddable":true,"href":"https:\/\/iscontte-crr.infd.edu.ar\/sitio\/wp-json\/wp\/v2\/comments?post=286"}],"version-history":[{"count":207,"href":"https:\/\/iscontte-crr.infd.edu.ar\/sitio\/wp-json\/wp\/v2\/pages\/286\/revisions"}],"predecessor-version":[{"id":2305,"href":"https:\/\/iscontte-crr.infd.edu.ar\/sitio\/wp-json\/wp\/v2\/pages\/286\/revisions\/2305"}],"wp:attachment":[{"href":"https:\/\/iscontte-crr.infd.edu.ar\/sitio\/wp-json\/wp\/v2\/media?parent=286"}],"curies":[{"name":"wp","href":"https:\/\/api.w.org\/{rel}","templated":true}]}}