{"id":920,"date":"2018-08-30T12:27:55","date_gmt":"2018-08-30T15:27:55","guid":{"rendered":"https:\/\/iscontte-crr.infd.edu.ar\/sitio\/profesorado-de-frances\/"},"modified":"2023-07-31T09:48:37","modified_gmt":"2023-07-31T12:48:37","slug":"profesorado-de-frances","status":"publish","type":"page","link":"https:\/\/iscontte-crr.infd.edu.ar\/sitio\/profesorado-de-frances\/","title":{"rendered":"Galer\u00eda de Im\u00e1genes"},"content":{"rendered":"<div class=\"wp-block-image\">\n<figure class=\"aligncenter size-full is-resized\"><img decoding=\"async\" loading=\"lazy\" src=\"https:\/\/iscontte-crr.infd.edu.ar\/sitio\/wp-content\/uploads\/2023\/07\/fiseta-portugues.jpg\" alt=\"\" class=\"wp-image-2116\" width=\"817\" height=\"459\" srcset=\"https:\/\/iscontte-crr.infd.edu.ar\/sitio\/wp-content\/uploads\/2023\/07\/fiseta-portugues.jpg 1280w, https:\/\/iscontte-crr.infd.edu.ar\/sitio\/wp-content\/uploads\/2023\/07\/fiseta-portugues-1000x563.jpg 1000w, https:\/\/iscontte-crr.infd.edu.ar\/sitio\/wp-content\/uploads\/2023\/07\/fiseta-portugues-768x432.jpg 768w\" sizes=\"(max-width: 817px) 100vw, 817px\" \/><figcaption class=\"wp-element-caption\">Fiesta Junina. Portugu\u00e9s <\/figcaption><\/figure><\/div>\n\n<div class=\"wp-block-image\">\n<figure class=\"aligncenter size-full is-resized\"><img decoding=\"async\" loading=\"lazy\" src=\"https:\/\/iscontte-crr.infd.edu.ar\/sitio\/wp-content\/uploads\/2023\/07\/fiesta-portugues1.jpg\" alt=\"\" class=\"wp-image-2117\" width=\"815\" height=\"458\" srcset=\"https:\/\/iscontte-crr.infd.edu.ar\/sitio\/wp-content\/uploads\/2023\/07\/fiesta-portugues1.jpg 1280w, https:\/\/iscontte-crr.infd.edu.ar\/sitio\/wp-content\/uploads\/2023\/07\/fiesta-portugues1-1000x563.jpg 1000w, https:\/\/iscontte-crr.infd.edu.ar\/sitio\/wp-content\/uploads\/2023\/07\/fiesta-portugues1-768x432.jpg 768w\" sizes=\"(max-width: 815px) 100vw, 815px\" \/><\/figure><\/div>\n\n<div class=\"wp-block-image\">\n<figure class=\"aligncenter size-full is-resized\"><img decoding=\"async\" loading=\"lazy\" src=\"https:\/\/iscontte-crr.infd.edu.ar\/sitio\/wp-content\/uploads\/2023\/07\/image-9-edited.png\" alt=\"\" class=\"wp-image-2119\" width=\"803\" height=\"452\" srcset=\"https:\/\/iscontte-crr.infd.edu.ar\/sitio\/wp-content\/uploads\/2023\/07\/image-9-edited.png 985w, https:\/\/iscontte-crr.infd.edu.ar\/sitio\/wp-content\/uploads\/2023\/07\/image-9-edited-768x432.png 768w\" sizes=\"(max-width: 803px) 100vw, 803px\" \/><figcaption class=\"wp-element-caption\">100 a\u00f1os de la Biblioteca<\/figcaption><\/figure><\/div>\n\n<div class=\"wp-block-image\">\n<figure class=\"aligncenter size-full is-resized\"><img decoding=\"async\" loading=\"lazy\" src=\"https:\/\/iscontte-crr.infd.edu.ar\/sitio\/wp-content\/uploads\/2023\/07\/jornada-carina.jpg\" alt=\"\" class=\"wp-image-2114\" width=\"820\" height=\"460\" srcset=\"https:\/\/iscontte-crr.infd.edu.ar\/sitio\/wp-content\/uploads\/2023\/07\/jornada-carina.jpg 1280w, https:\/\/iscontte-crr.infd.edu.ar\/sitio\/wp-content\/uploads\/2023\/07\/jornada-carina-768x432.jpg 768w\" sizes=\"(max-width: 820px) 100vw, 820px\" \/><figcaption class=\"wp-element-caption\">Formaci\u00f3n Continua. Jornada de Artes Visuales <\/figcaption><\/figure><\/div>\n\n<div class=\"wp-block-image\">\n<figure class=\"aligncenter size-full is-resized\"><img decoding=\"async\" loading=\"lazy\" src=\"https:\/\/iscontte-crr.infd.edu.ar\/sitio\/wp-content\/uploads\/2023\/05\/image-8-edited.png\" alt=\"\" class=\"wp-image-2048\" width=\"825\" height=\"463\" srcset=\"https:\/\/iscontte-crr.infd.edu.ar\/sitio\/wp-content\/uploads\/2023\/05\/image-8-edited.png 1600w, https:\/\/iscontte-crr.infd.edu.ar\/sitio\/wp-content\/uploads\/2023\/05\/image-8-edited-1000x563.png 1000w, https:\/\/iscontte-crr.infd.edu.ar\/sitio\/wp-content\/uploads\/2023\/05\/image-8-edited-768x432.png 768w, https:\/\/iscontte-crr.infd.edu.ar\/sitio\/wp-content\/uploads\/2023\/05\/image-8-edited-1536x864.png 1536w\" sizes=\"(max-width: 825px) 100vw, 825px\" \/><figcaption class=\"wp-element-caption\">Artes Visuales. Charla &#8211; Coleccionismo. Ma. del Carmen Tenerani y Pablo Guiglioni. 04\/05<\/figcaption><\/figure><\/div>\n\n<div class=\"wp-block-image\">\n<figure class=\"aligncenter size-full is-resized\"><img decoding=\"async\" loading=\"lazy\" src=\"https:\/\/iscontte-crr.infd.edu.ar\/sitio\/wp-content\/uploads\/2023\/07\/image-2-edited.png\" alt=\"\" class=\"wp-image-2120\" width=\"816\" height=\"458\" srcset=\"https:\/\/iscontte-crr.infd.edu.ar\/sitio\/wp-content\/uploads\/2023\/07\/image-2-edited.png 788w, https:\/\/iscontte-crr.infd.edu.ar\/sitio\/wp-content\/uploads\/2023\/07\/image-2-edited-768x432.png 768w\" sizes=\"(max-width: 816px) 100vw, 816px\" \/><figcaption class=\"wp-element-caption\">1ra. Jornada Institucional.  04\/05<\/figcaption><\/figure><\/div>\n\n<div class=\"wp-block-image\">\n<figure class=\"aligncenter size-full is-resized\"><img decoding=\"async\" loading=\"lazy\" src=\"https:\/\/iscontte-crr.infd.edu.ar\/sitio\/wp-content\/uploads\/2023\/07\/image-3-edited.png\" alt=\"\" class=\"wp-image-2121\" width=\"815\" height=\"458\" srcset=\"https:\/\/iscontte-crr.infd.edu.ar\/sitio\/wp-content\/uploads\/2023\/07\/image-3-edited.png 985w, https:\/\/iscontte-crr.infd.edu.ar\/sitio\/wp-content\/uploads\/2023\/07\/image-3-edited-768x432.png 768w\" sizes=\"(max-width: 815px) 100vw, 815px\" \/><\/figure><\/div>\n\n<div class=\"wp-block-image\">\n<figure class=\"aligncenter size-full is-resized\"><img decoding=\"async\" loading=\"lazy\" src=\"https:\/\/iscontte-crr.infd.edu.ar\/sitio\/wp-content\/uploads\/2023\/07\/image-4-edited.png\" alt=\"\" class=\"wp-image-2122\" width=\"812\" height=\"456\" srcset=\"https:\/\/iscontte-crr.infd.edu.ar\/sitio\/wp-content\/uploads\/2023\/07\/image-4-edited.png 985w, https:\/\/iscontte-crr.infd.edu.ar\/sitio\/wp-content\/uploads\/2023\/07\/image-4-edited-768x432.png 768w\" sizes=\"(max-width: 812px) 100vw, 812px\" \/><\/figure><\/div>\n\n<div class=\"wp-block-image\">\n<figure class=\"aligncenter size-full is-resized\"><img decoding=\"async\" loading=\"lazy\" src=\"https:\/\/iscontte-crr.infd.edu.ar\/sitio\/wp-content\/uploads\/2023\/05\/image-5.png\" alt=\"\" class=\"wp-image-2040\" width=\"821\" height=\"461\" srcset=\"https:\/\/iscontte-crr.infd.edu.ar\/sitio\/wp-content\/uploads\/2023\/05\/image-5.png 1600w, https:\/\/iscontte-crr.infd.edu.ar\/sitio\/wp-content\/uploads\/2023\/05\/image-5-1000x563.png 1000w, https:\/\/iscontte-crr.infd.edu.ar\/sitio\/wp-content\/uploads\/2023\/05\/image-5-768x432.png 768w, https:\/\/iscontte-crr.infd.edu.ar\/sitio\/wp-content\/uploads\/2023\/05\/image-5-1536x864.png 1536w\" sizes=\"(max-width: 821px) 100vw, 821px\" \/><\/figure><\/div>\n\n<div class=\"wp-block-image\">\n<figure class=\"aligncenter size-full is-resized\"><img decoding=\"async\" loading=\"lazy\" src=\"https:\/\/iscontte-crr.infd.edu.ar\/sitio\/wp-content\/uploads\/2023\/05\/image-6-edited.png\" alt=\"\" class=\"wp-image-2042\" width=\"817\" height=\"459\" srcset=\"https:\/\/iscontte-crr.infd.edu.ar\/sitio\/wp-content\/uploads\/2023\/05\/image-6-edited.png 985w, https:\/\/iscontte-crr.infd.edu.ar\/sitio\/wp-content\/uploads\/2023\/05\/image-6-edited-768x432.png 768w\" sizes=\"(max-width: 817px) 100vw, 817px\" \/><figcaption class=\"wp-element-caption\">Caf\u00e9 Literario &#8211; Departamento de franc\u00e9s. 02\/05<\/figcaption><\/figure><\/div>\n\n<div class=\"wp-block-image\">\n<figure class=\"aligncenter size-full is-resized\"><img decoding=\"async\" loading=\"lazy\" src=\"https:\/\/iscontte-crr.infd.edu.ar\/sitio\/wp-content\/uploads\/2023\/05\/image-7-edited.png\" alt=\"\" class=\"wp-image-2044\" width=\"810\" height=\"385\"\/><\/figure><\/div>\n\n<div class=\"wp-block-image\">\n<figure class=\"aligncenter size-full is-resized\"><img decoding=\"async\" loading=\"lazy\" src=\"https:\/\/iscontte-crr.infd.edu.ar\/sitio\/wp-content\/uploads\/2023\/04\/image-8-edited.png\" alt=\"\" class=\"wp-image-2005\" width=\"808\" height=\"454\" srcset=\"https:\/\/iscontte-crr.infd.edu.ar\/sitio\/wp-content\/uploads\/2023\/04\/image-8-edited.png 984w, https:\/\/iscontte-crr.infd.edu.ar\/sitio\/wp-content\/uploads\/2023\/04\/image-8-edited-768x432.png 768w\" sizes=\"(max-width: 808px) 100vw, 808px\" \/><figcaption class=\"wp-element-caption\">Estudiantes y docentes del Profesorado de Franc\u00e9s, participando de una Jornada de formaci\u00f3n con la UNIVERSIDAD NACIONAL DE C\u00d3RDOBA.<\/figcaption><\/figure><\/div>\n\n<div class=\"wp-block-image\">\n<figure class=\"aligncenter size-full is-resized\"><img decoding=\"async\" loading=\"lazy\" src=\"https:\/\/iscontte-crr.infd.edu.ar\/sitio\/wp-content\/uploads\/2023\/04\/image.png\" alt=\"\" class=\"wp-image-1958\" width=\"765\" height=\"372\" srcset=\"https:\/\/iscontte-crr.infd.edu.ar\/sitio\/wp-content\/uploads\/2023\/04\/image.png 1098w, https:\/\/iscontte-crr.infd.edu.ar\/sitio\/wp-content\/uploads\/2023\/04\/image-1000x486.png 1000w, https:\/\/iscontte-crr.infd.edu.ar\/sitio\/wp-content\/uploads\/2023\/04\/image-768x374.png 768w\" sizes=\"(max-width: 765px) 100vw, 765px\" \/><figcaption class=\"wp-element-caption\">Primera clase del Curso de Braille<\/figcaption><\/figure><\/div>\n\n<div class=\"wp-block-image\">\n<figure class=\"aligncenter size-full is-resized\"><img decoding=\"async\" loading=\"lazy\" src=\"https:\/\/iscontte-crr.infd.edu.ar\/sitio\/wp-content\/uploads\/2023\/04\/image-1.png\" alt=\"\" class=\"wp-image-1960\" width=\"893\" height=\"502\" srcset=\"https:\/\/iscontte-crr.infd.edu.ar\/sitio\/wp-content\/uploads\/2023\/04\/image-1.png 1600w, https:\/\/iscontte-crr.infd.edu.ar\/sitio\/wp-content\/uploads\/2023\/04\/image-1-1000x563.png 1000w, https:\/\/iscontte-crr.infd.edu.ar\/sitio\/wp-content\/uploads\/2023\/04\/image-1-768x432.png 768w, https:\/\/iscontte-crr.infd.edu.ar\/sitio\/wp-content\/uploads\/2023\/04\/image-1-1536x864.png 1536w\" sizes=\"(max-width: 893px) 100vw, 893px\" \/><figcaption class=\"wp-element-caption\">Recepci\u00f3n de recursos tecnol\u00f3gicos <\/figcaption><\/figure><\/div>\n\n<div class=\"wp-block-image\">\n<figure class=\"aligncenter size-full\"><img decoding=\"async\" loading=\"lazy\" width=\"650\" height=\"375\" src=\"https:\/\/iscontte-crr.infd.edu.ar\/sitio\/wp-content\/uploads\/2023\/04\/rep-en-contte.jpg\" alt=\"\" class=\"wp-image-1962\"\/><figcaption class=\"wp-element-caption\">Visita de la Prof. Giselle Dubinsky, representante de la Embajada de los Estados Unidos. Articula proyectos y programas con Profesorados de Ingl\u00e9s.<\/figcaption><\/figure><\/div>\n\n\n<p><\/p>\n","protected":false},"excerpt":{"rendered":"","protected":false},"author":1154,"featured_media":0,"parent":0,"menu_order":0,"comment_status":"closed","ping_status":"closed","template":"","meta":[],"acf":[],"_links":{"self":[{"href":"https:\/\/iscontte-crr.infd.edu.ar\/sitio\/wp-json\/wp\/v2\/pages\/920"}],"collection":[{"href":"https:\/\/iscontte-crr.infd.edu.ar\/sitio\/wp-json\/wp\/v2\/pages"}],"about":[{"href":"https:\/\/iscontte-crr.infd.edu.ar\/sitio\/wp-json\/wp\/v2\/types\/page"}],"author":[{"embeddable":true,"href":"https:\/\/iscontte-crr.infd.edu.ar\/sitio\/wp-json\/wp\/v2\/users\/1154"}],"replies":[{"embeddable":true,"href":"https:\/\/iscontte-crr.infd.edu.ar\/sitio\/wp-json\/wp\/v2\/comments?post=920"}],"version-history":[{"count":8,"href":"https:\/\/iscontte-crr.infd.edu.ar\/sitio\/wp-json\/wp\/v2\/pages\/920\/revisions"}],"predecessor-version":[{"id":2123,"href":"https:\/\/iscontte-crr.infd.edu.ar\/sitio\/wp-json\/wp\/v2\/pages\/920\/revisions\/2123"}],"wp:attachment":[{"href":"https:\/\/iscontte-crr.infd.edu.ar\/sitio\/wp-json\/wp\/v2\/media?parent=920"}],"curies":[{"name":"wp","href":"https:\/\/api.w.org\/{rel}","templated":true}]}}