{"id":924,"date":"2018-08-30T12:27:57","date_gmt":"2018-08-30T15:27:57","guid":{"rendered":"https:\/\/iscontte-crr.infd.edu.ar\/sitio\/informacion-para-alumnos\/"},"modified":"2023-04-27T18:19:23","modified_gmt":"2023-04-27T21:19:23","slug":"informacion-para-alumnos","status":"publish","type":"page","link":"https:\/\/iscontte-crr.infd.edu.ar\/sitio\/informacion-para-alumnos\/","title":{"rendered":"Informaci\u00f3n para estudiantes"},"content":{"rendered":"\n<p class=\"has-text-align-center\">CARRERAS DE FORMACI\u00d3N DOCENTE Y T\u00c9CNICA<\/p>\n\n\n\n<p class=\"has-text-align-center\"><strong>ACOMPA\u00d1AMIENTO A LAS<\/strong><\/p>\n\n\n\n<p class=\"has-text-align-center\"><strong>TRAYECTORIAS ESTUDIANTILES<\/strong><\/p>\n\n\n\n<p class=\"has-text-align-center\">PLAN DE ACCI\u00d3N 2023<\/p>\n\n\n\n<p class=\"has-text-align-center\">PRIMER CUATRIMESTRE<\/p>\n\n\n\n<p><strong><u>CRONOGRAMA PARA LAS TUTORIAS<\/u><\/strong><\/p>\n\n\n\n<figure class=\"wp-block-table\"><table><tbody><tr><td>Acciones<\/td><td>Fechas<\/td><\/tr><tr><td><strong>TUTOR\u00cdAS para las mesas de ex\u00e1menes<\/strong><\/td><\/tr><tr><td>Presentaci\u00f3n y revisi\u00f3n del plan<\/td><td>24\/04<\/td><\/tr><tr><td>Socializaci\u00f3n con los docentes responsables<\/td><td>24\/04<\/td><\/tr><tr><td>Socializaci\u00f3n con las distintas coordinaciones<\/td><td>25\/04<\/td><\/tr><tr><td>Difusi\u00f3n del formulario de inscripci\u00f3n a tutor\u00edas<\/td><td>26\/04<\/td><\/tr><tr><td>Solicitud de tutor\u00edas por parte del estudiante<\/td><td>Del 26 al 30\/04<\/td><\/tr><tr><td>Exposici\u00f3n y socializaci\u00f3n de los cronogramas por carreras<\/td><td>04\/05<\/td><\/tr><tr><td>Inicio de las tutor\u00edas<\/td><td>05\/05<\/td><\/tr><tr><td><strong>ACOMPA\u00d1AMIENTO durante el cursado de las UC<\/strong><\/td><\/tr><tr><td>Se definir\u00e1n por carreras seg\u00fan las necesidades<\/td><td>1 cuatrimestre<\/td><\/tr><\/tbody><\/table><\/figure>\n\n\n\n<p>1- <strong><u>MESAS DE EX\u00c1MENES TURNO MAYO 2023<\/u><\/strong><\/p>\n\n\n\n<p><strong>Solicitud de tutor\u00edas:<\/strong> del 26 al 30 de abril a trav\u00e9s de:<\/p>\n\n\n\n<p><a><strong>Enlace<\/strong><\/a> <a href=\"https:\/\/forms.gle\/7w5rAbp1eKKLq62e9\">https:\/\/forms.gle\/7w5rAbp1eKKLq62e9<\/a><\/p>\n\n\n\n<p><strong>Turno de ex\u00e1menes<\/strong> del 15 al 30 de mayo.<\/p>\n\n\n\n<p><strong>Plazo para asistir a las tutor\u00edas:<\/strong> del 05\/05 hasta la fecha del examen final. Lo determinar\u00e1 cada docente, seg\u00fan su disponibilidad.<\/p>\n\n\n\n<p><strong>Modalidad:<\/strong> presencial o virtual.<\/p>\n\n\n\n<p><strong>Armando de cronogramas<\/strong> por carreras, del 02 al 04 de mayo.<\/p>\n\n\n\n<p><a><strong><u>La tutor\u00eda se efectivizar\u00e1 si el\/la estudiante solicita.<\/u><\/strong><\/a><\/p>\n","protected":false},"excerpt":{"rendered":"<p>CARRERAS DE FORMACI\u00d3N DOCENTE Y T\u00c9CNICA ACOMPA\u00d1AMIENTO A LAS TRAYECTORIAS ESTUDIANTILES PLAN DE ACCI\u00d3N 2023 PRIMER CUATRIMESTRE CRONOGRAMA PARA LAS TUTORIAS Acciones Fechas TUTOR\u00cdAS para las mesas de ex\u00e1menes Presentaci\u00f3n y revisi\u00f3n del plan 24\/04 Socializaci\u00f3n con los docentes responsables 24\/04 Socializaci\u00f3n con las distintas coordinaciones 25\/04 Difusi\u00f3n del formulario de inscripci\u00f3n a tutor\u00edas 26\/04 &#8230; <a title=\"Informaci\u00f3n para estudiantes\" class=\"read-more\" href=\"https:\/\/iscontte-crr.infd.edu.ar\/sitio\/informacion-para-alumnos\/\" aria-label=\"More on Informaci\u00f3n para estudiantes\">[+]<\/a><\/p>\n","protected":false},"author":1154,"featured_media":0,"parent":0,"menu_order":0,"comment_status":"closed","ping_status":"closed","template":"","meta":[],"acf":[],"_links":{"self":[{"href":"https:\/\/iscontte-crr.infd.edu.ar\/sitio\/wp-json\/wp\/v2\/pages\/924"}],"collection":[{"href":"https:\/\/iscontte-crr.infd.edu.ar\/sitio\/wp-json\/wp\/v2\/pages"}],"about":[{"href":"https:\/\/iscontte-crr.infd.edu.ar\/sitio\/wp-json\/wp\/v2\/types\/page"}],"author":[{"embeddable":true,"href":"https:\/\/iscontte-crr.infd.edu.ar\/sitio\/wp-json\/wp\/v2\/users\/1154"}],"replies":[{"embeddable":true,"href":"https:\/\/iscontte-crr.infd.edu.ar\/sitio\/wp-json\/wp\/v2\/comments?post=924"}],"version-history":[{"count":3,"href":"https:\/\/iscontte-crr.infd.edu.ar\/sitio\/wp-json\/wp\/v2\/pages\/924\/revisions"}],"predecessor-version":[{"id":2008,"href":"https:\/\/iscontte-crr.infd.edu.ar\/sitio\/wp-json\/wp\/v2\/pages\/924\/revisions\/2008"}],"wp:attachment":[{"href":"https:\/\/iscontte-crr.infd.edu.ar\/sitio\/wp-json\/wp\/v2\/media?parent=924"}],"curies":[{"name":"wp","href":"https:\/\/api.w.org\/{rel}","templated":true}]}}