{"id":938,"date":"2018-08-30T12:28:04","date_gmt":"2018-08-30T15:28:04","guid":{"rendered":"https:\/\/iscontte-crr.infd.edu.ar\/sitio\/informacion-para-docentes\/"},"modified":"2023-04-26T23:09:55","modified_gmt":"2023-04-27T02:09:55","slug":"informacion-para-docentes","status":"publish","type":"page","link":"https:\/\/iscontte-crr.infd.edu.ar\/sitio\/informacion-para-docentes\/","title":{"rendered":"Informaci\u00f3n para docentes"},"content":{"rendered":"<ul>\n<li><span style=\"color: #000000;\"><strong><span style=\"font-family: 'arial black', 'avant garde'; font-size: 12pt;\">Inscripci\u00f3<\/span><span style=\"font-family: 'arial black', 'avant garde'; font-size: 12pt;\">n<\/span><span style=\"font-family: 'arial black', 'avant garde'; font-size: 12pt;\"> ordinaria para interinatos y<\/span><span style=\"font-family: 'arial black', 'avant garde'; font-size: 12pt;\"> suplencias. Del 1 al 31 de mayo<\/span><\/strong><\/span><\/li>\n<li><span style=\"color: #000000;\"><strong>Tutor\u00edas para mesas de ex\u00e1menes 1ra quincena de mayo<\/strong><\/span><\/li>\n<\/ul>\n","protected":false},"excerpt":{"rendered":"<p>Inscripci\u00f3n ordinaria para interinatos y suplencias. Del 1 al 31 de mayo Tutor\u00edas para mesas de ex\u00e1menes 1ra quincena de mayo<\/p>\n","protected":false},"author":1154,"featured_media":0,"parent":0,"menu_order":0,"comment_status":"closed","ping_status":"closed","template":"","meta":[],"acf":[],"_links":{"self":[{"href":"https:\/\/iscontte-crr.infd.edu.ar\/sitio\/wp-json\/wp\/v2\/pages\/938"}],"collection":[{"href":"https:\/\/iscontte-crr.infd.edu.ar\/sitio\/wp-json\/wp\/v2\/pages"}],"about":[{"href":"https:\/\/iscontte-crr.infd.edu.ar\/sitio\/wp-json\/wp\/v2\/types\/page"}],"author":[{"embeddable":true,"href":"https:\/\/iscontte-crr.infd.edu.ar\/sitio\/wp-json\/wp\/v2\/users\/1154"}],"replies":[{"embeddable":true,"href":"https:\/\/iscontte-crr.infd.edu.ar\/sitio\/wp-json\/wp\/v2\/comments?post=938"}],"version-history":[{"count":1,"href":"https:\/\/iscontte-crr.infd.edu.ar\/sitio\/wp-json\/wp\/v2\/pages\/938\/revisions"}],"predecessor-version":[{"id":1901,"href":"https:\/\/iscontte-crr.infd.edu.ar\/sitio\/wp-json\/wp\/v2\/pages\/938\/revisions\/1901"}],"wp:attachment":[{"href":"https:\/\/iscontte-crr.infd.edu.ar\/sitio\/wp-json\/wp\/v2\/media?parent=938"}],"curies":[{"name":"wp","href":"https:\/\/api.w.org\/{rel}","templated":true}]}}