{"id":940,"date":"2018-08-30T12:28:04","date_gmt":"2018-08-30T15:28:04","guid":{"rendered":"https:\/\/iscontte-crr.infd.edu.ar\/sitio\/cursos-de-extension-inscripciones-2018\/"},"modified":"2018-12-06T17:14:50","modified_gmt":"2018-12-06T20:14:50","slug":"cursos-de-extension-inscripciones-2018","status":"publish","type":"page","link":"https:\/\/iscontte-crr.infd.edu.ar\/sitio\/cursos-de-extension-inscripciones-2018\/","title":{"rendered":"CURSOS DE EXTENSI\u00d3N INSCRIPCIONES 2019"},"content":{"rendered":"<p class=\"Titulo1\" style=\"text-align: center;\"><span style=\"text-decoration: underline; font-size: 12pt;\">INSCRIPCI\u00d3N A CURSOS REGULARES DE EXTENSI\u00d3N<\/span><\/p>\n<p class=\"Titulo1\" style=\"text-align: center;\"><span style=\"font-size: 12pt;\"><strong><em>Inscripci\u00f3n online<\/em><\/strong><em>\u00a0en\u00a0 <\/em><em><a href=\"http:\/\/www.josefinacontte.edu.ar\/\">http:\/\/www.josefinacontte.edu.ar\/<\/a><\/em><\/span><\/p>\n<ul class=\"Titulo1\">\n<li><span style=\"font-size: 12pt;\"><a href=\"file:\/\/\/F:\/COORDINACION\/Mesas\/2016\/2017\/INSCRIPCI%C3%93N%20A%20CURSOS%20REGULARES%20DE%20EXTENSI%C3%93N%202017.docx#_INGLES\">INGL\u00c9S<\/a>: Ingles para adolescentes ( sorteo), Ingles para adultos (sorteo), Conversaci\u00f3n, Ingles con fines espec\u00edficos.<\/span><\/li>\n<li><span style=\"font-size: 12pt;\"><a href=\"file:\/\/\/F:\/COORDINACION\/Mesas\/2016\/2017\/INSCRIPCI%C3%93N%20A%20CURSOS%20REGULARES%20DE%20EXTENSI%C3%93N%202017.docx#_FRANCES\">FRANCES<\/a>: Franc\u00e9s General para adolescentes y adultos, Franc\u00e9s funcional, Conversaci\u00f3n<\/span><\/li>\n<li><span style=\"font-size: 12pt;\"><a href=\"file:\/\/\/F:\/COORDINACION\/Mesas\/2016\/2017\/INSCRIPCI%C3%93N%20A%20CURSOS%20REGULARES%20DE%20EXTENSI%C3%93N%202017.docx#_PORTUGU%C3%89S\">PORTUGUES<\/a>: Portugu\u00e9s General para adolescentes y adultos, Portugu\u00e9s con fines espec\u00edficos, Conversaci\u00f3n.<\/span><\/li>\n<li><span style=\"font-size: 12pt;\"><a href=\"file:\/\/\/F:\/COORDINACION\/Mesas\/2016\/2017\/INSCRIPCI%C3%93N%20A%20CURSOS%20REGULARES%20DE%20EXTENSI%C3%93N%202017.docx#_ITALIANO\">ITALIANO<\/a>: Italiano para adolescentes y adultos, Conversaci\u00f3n.<\/span><\/li>\n<li><span style=\"font-size: 12pt;\"><a href=\"file:\/\/\/F:\/COORDINACION\/Mesas\/2016\/2017\/INSCRIPCI%C3%93N%20A%20CURSOS%20REGULARES%20DE%20EXTENSI%C3%93N%202017.docx#_DIBUJO_Y_PINTURA\">DIBUJO Y PINTURA<\/a><\/span><\/li>\n<li><span style=\"font-size: 12pt;\"><a href=\"file:\/\/\/F:\/COORDINACION\/Mesas\/2016\/2017\/INSCRIPCI%C3%93N%20A%20CURSOS%20REGULARES%20DE%20EXTENSI%C3%93N%202017.docx#_Taller_de_arte\">TALLER DE ARTE<\/a><\/span><\/li>\n<li><span style=\"font-size: 12pt;\"><a href=\"file:\/\/\/F:\/COORDINACION\/Mesas\/2016\/2017\/INSCRIPCI%C3%93N%20A%20CURSOS%20REGULARES%20DE%20EXTENSI%C3%93N%202017.docx#_Iniciaci%C3%B3n_a_las\">INICIACI\u00d3N A LA ACTIVIDADES ARTISTICAS<\/a><\/span><\/li>\n<li><span style=\"font-size: 12pt;\"><a href=\"file:\/\/\/F:\/COORDINACION\/Mesas\/2016\/2017\/INSCRIPCI%C3%93N%20A%20CURSOS%20REGULARES%20DE%20EXTENSI%C3%93N%202017.docx#_danza\">INICIACI\u00d3N A LA DANZA<\/a>: Danza cl\u00e1sica, Expresi\u00f3n corporal, Danza contempor\u00e1nea, Folklore.<\/span><\/li>\n<\/ul>\n<p><span style=\"font-size: 12pt;\">\u00a0<\/span><\/p>\n<p><span style=\"font-size: 12pt;\"><strong><em>Entrega de documentaci\u00f3n del 20 al 23 de marzo (Ver fecha en ficha de inscripci\u00f3n)<\/em><\/strong><\/span><\/p>\n<p>&nbsp;<\/p>\n<table class=\"aligncenter\" style=\"width: 733px; height: 4216px;\" border=\"1\" cellspacing=\"0\" cellpadding=\"0\">\n<tbody>\n<tr style=\"height: 56px;\">\n<td style=\"height: 56px;\" colspan=\"2\" valign=\"top\" width=\"719\">\n<h1 style=\"text-align: center;\"><span style=\"color: #0000ff; font-size: 14pt;\"><strong>INGLES<\/strong><\/span><\/h1>\n<\/td>\n<\/tr>\n<tr style=\"height: 228px;\">\n<td style=\"height: 228px;\" valign=\"top\" width=\"170\"><span style=\"font-size: 14pt;\"><strong>Ingl\u00e9s para adolescentes<\/strong><\/span><\/td>\n<td style=\"height: 228px;\" valign=\"top\" width=\"550\"><span style=\"font-size: 14pt;\">Curso de ingl\u00e9s de 6 a\u00f1os de duraci\u00f3n dirigido a adolescentes (2 clases de 120 minutos por semana). No se requieren conocimientos previos de la lengua.<\/span><\/p>\n<p><span style=\"font-size: 14pt;\"><em>Condiciones de ingreso<\/em><span style=\"text-decoration: underline;\">: haber aprobado el 6\u00ba grado de la escuela primaria<\/span> (ingreso hasta 15<\/span><span style=\"font-size: 14pt;\">\u00a0a\u00f1os)<\/span><\/p>\n<p><span style=\"font-size: 14pt;\">Inscripci\u00f3n online e ingreso por sorteo.<\/span><\/td>\n<\/tr>\n<tr style=\"height: 171px;\">\n<td style=\"height: 171px;\" valign=\"top\" width=\"170\"><span style=\"font-size: 14pt;\"><strong>Ingl\u00e9s para adultos<\/strong><\/span><\/td>\n<td style=\"height: 171px;\" valign=\"top\" width=\"550\"><span style=\"font-size: 14pt;\">Curso de ingl\u00e9s para adultos de 3 a\u00f1os de duraci\u00f3n (2 clases de 2 hs por semana). No se requieren conocimientos previos.<\/span><\/p>\n<p><span style=\"font-size: 14pt;\">Condiciones de ingreso: adolescentes (a partir de los 16 a\u00f1os) y adultos. Inscripci\u00f3n online e ingreso por sorteo.<\/span><\/td>\n<\/tr>\n<tr style=\"height: 378px;\">\n<td style=\"height: 378px;\" valign=\"top\" width=\"170\"><span style=\"font-size: 14pt;\"><strong>Ingl\u00e9s con fines espec\u00edficos<\/strong><\/span><\/td>\n<td style=\"height: 378px;\" valign=\"top\" width=\"550\"><span style=\"font-size: 14pt;\">Cursos de ingl\u00e9s para j\u00f3venes y adultos, profesionales y estudiantes universitarios. El curso tiene una duraci\u00f3n es de 2 cuatrimestres, con los siguientes enfoques:<\/span><\/p>\n<ul>\n<li><span style=\"font-size: 14pt;\">Lecto-comprensi\u00f3n Ingl\u00e9s- espa\u00f1ol (1\u00ba Cuatrimestre Modulo A \u2013 2\u00ba cuatrimestre Modulo B). No se requieren conocimientos previos.<\/span><\/li>\n<li><span style=\"font-size: 14pt;\">Ingles para Viajeros. Destinatarios: j\u00f3venes y adultos, estudiantes universitarios, profesionales, p\u00fablico en general. Requisitos: Estudios secundarios completos, conocimientos de la lengua (elemental)<span style=\"background-color: #ffff00; color: #ff0000;\"> <strong>NUEVO<\/strong><\/span><\/span><\/li>\n<\/ul>\n<\/td>\n<\/tr>\n<tr style=\"height: 114px;\">\n<td style=\"height: 114px;\" valign=\"top\" width=\"170\"><span style=\"font-size: 14pt;\"><strong>Conversaci\u00f3n en ingl\u00e9s<\/strong><\/span><\/td>\n<td style=\"height: 114px;\" valign=\"top\" width=\"550\"><span style=\"font-size: 14pt;\">Curso de ingl\u00e9s para j\u00f3venes y adultos que posean conocimientos de la lengua inglesa y que est\u00e9n interesados en desarrollar habilidades comunicativas.<\/span><\/td>\n<\/tr>\n<tr style=\"height: 56px;\">\n<td style=\"height: 56px;\" colspan=\"2\" valign=\"top\" width=\"719\">\n<h1 style=\"text-align: center;\"><span style=\"font-size: 14pt; color: #0000ff;\"><strong>FRANCES<\/strong><\/span><\/h1>\n<\/td>\n<\/tr>\n<tr style=\"height: 160px;\">\n<td style=\"height: 160px;\" valign=\"top\" width=\"170\"><span style=\"font-size: 14pt;\"><strong>Franc\u00e9s General para adolescentes y adultos<\/strong><\/span><\/td>\n<td style=\"height: 160px;\" valign=\"top\" width=\"550\"><span style=\"font-size: 14pt;\">Curso de franc\u00e9s para adolescentes y adultos de 3 a\u00f1os de duraci\u00f3n (2 clases de 2 hs por semana). No se requieren conocimientos previos. Condiciones de ingreso: adolescentes que hayan finalizado la escuela primaria y adultos.<\/span><\/td>\n<\/tr>\n<tr style=\"height: 137px;\">\n<td style=\"height: 137px;\" valign=\"top\" width=\"170\"><span style=\"font-size: 14pt;\"><strong>Franc\u00e9s Funcional<\/strong><\/span><\/td>\n<td style=\"height: 137px;\" valign=\"top\" width=\"550\"><span style=\"font-size: 14pt;\">Curso intensivo para j\u00f3venes y adultos, estudiantes universitarios, profesionales, p\u00fablico en general. Requisitos: Estudios secundarios completos. NO SE REQUIEREN CONOCIMIENTOS PREVIOS.<\/span><\/td>\n<\/tr>\n<tr style=\"height: 114px;\">\n<td style=\"height: 114px;\" valign=\"top\" width=\"170\"><span style=\"font-size: 14pt;\"><strong>Conversaci\u00f3n<\/strong><\/span><\/td>\n<td style=\"height: 114px;\" valign=\"top\" width=\"550\"><span style=\"font-size: 14pt;\">Curso de franc\u00e9s para j\u00f3venes y adultos que posean conocimientos de la lengua franc\u00f3fona y que est\u00e9n interesados en desarrollar habilidades comunicativas.<\/span><\/td>\n<\/tr>\n<tr style=\"height: 56px;\">\n<td style=\"height: 56px;\" colspan=\"2\" valign=\"top\" width=\"719\">\n<h1 style=\"text-align: center;\"><span style=\"font-size: 14pt; color: #0000ff;\"><strong>PORTUGU\u00c9S<\/strong><\/span><\/h1>\n<\/td>\n<\/tr>\n<tr style=\"height: 160px;\">\n<td style=\"height: 160px;\" valign=\"top\" width=\"170\"><span style=\"font-size: 14pt;\"><strong>Portugu\u00e9s general para adolescentes y adultos<\/strong><\/span><\/td>\n<td style=\"height: 160px;\" valign=\"top\" width=\"550\"><span style=\"font-size: 14pt;\">Curso de portugu\u00e9s para adolescentes y adultos de 3 a\u00f1os de duraci\u00f3n (2 clases de 2 hs por semana). No se requieren conocimientos previos. Condiciones de ingreso: adolescentes que hayan finalizado la escuela primaria y adultos.<\/span><\/td>\n<\/tr>\n<tr style=\"height: 228px;\">\n<td style=\"height: 228px;\" valign=\"top\" width=\"170\"><span style=\"font-size: 14pt;\"><strong>Portugu\u00e9s con fines espec\u00edficos<\/strong><\/span><\/td>\n<td style=\"height: 228px;\" valign=\"top\" width=\"550\"><span style=\"font-size: 14pt;\"><strong>Destinatarios: <\/strong>Profesionales de distintas \u00e1reas, estudiantes universitarios, p\u00fablico en general, etc.<strong> &#8211; <\/strong>no requiere conocimientos previos<\/span><\/p>\n<p><span style=\"font-size: 14pt;\"><strong>Portugu\u00e9s con Fines Espec\u00edficos I : Enfoque Comunicativo<\/strong><\/span><\/p>\n<p><span style=\"font-size: 14pt;\"><strong>Portugu\u00e9s con Fines Espec\u00edficos II : Gastronom\u00eda, \u00a0Hoteler\u00eda y Turismo<\/strong><\/span><\/td>\n<\/tr>\n<tr style=\"height: 137px;\">\n<td style=\"height: 137px;\" valign=\"top\" width=\"170\"><span style=\"font-size: 14pt;\"><strong>Conversaci\u00f3n <\/strong><\/span><\/td>\n<td style=\"height: 137px;\" valign=\"top\" width=\"550\"><span style=\"font-size: 14pt;\">Curso de portugu\u00e9s para j\u00f3venes y adultos que posean conocimientos de la lengua lus\u00f3fona y que est\u00e9n interesados en desarrollar habilidades comunicativas.<\/span><\/td>\n<\/tr>\n<tr style=\"height: 56px;\">\n<td style=\"height: 56px;\" colspan=\"2\" valign=\"top\" width=\"719\">\n<h1 style=\"text-align: center;\"><span style=\"font-size: 14pt; color: #0000ff;\"><strong>ITALIANO<\/strong><\/span><\/h1>\n<\/td>\n<\/tr>\n<tr style=\"height: 160px;\">\n<td style=\"height: 160px;\" valign=\"top\" width=\"170\"><span style=\"font-size: 14pt;\"><strong>Italiano para adolescentes y adultos<\/strong><\/span><\/td>\n<td style=\"height: 160px;\" valign=\"top\" width=\"550\"><span style=\"font-size: 14pt;\">Curso de italiano para adolescentes y adultos de 3 a\u00f1os de duraci\u00f3n (2 clases de 2 hs por semana). No se requieren conocimientos previos. Condiciones de ingreso: adolescentes que hayan finalizado la escuela primaria y adultos.<\/span><\/td>\n<\/tr>\n<tr style=\"height: 114px;\">\n<td style=\"height: 114px;\" valign=\"top\" width=\"170\"><span style=\"font-size: 14pt;\"><strong>Conversaci\u00f3n <\/strong><\/span><\/td>\n<td style=\"height: 114px;\" valign=\"top\" width=\"550\"><span style=\"font-size: 14pt;\">Curso de italiano para j\u00f3venes y adultos que posean conocimientos de la lengua\u00a0 \u00a0 y que est\u00e9n interesados en desarrollar habilidades comunicativas.<\/span><\/td>\n<\/tr>\n<tr style=\"height: 54px;\">\n<td style=\"height: 54px;\" colspan=\"2\" valign=\"top\" width=\"719\">\n<h1 style=\"text-align: center;\"><span style=\"color: #0000ff;\"><span style=\"font-size: 18.6667px;\">Arte<\/span><\/span><\/h1>\n<\/td>\n<\/tr>\n<tr style=\"height: 115.667px;\">\n<td style=\"height: 115.667px;\" valign=\"top\" width=\"170\"><span style=\"font-size: 14pt;\"><strong>Talleres para adolescentes y adultos<\/strong><\/span><\/td>\n<td style=\"height: 115.667px;\" valign=\"top\" width=\"550\"><span style=\"font-size: 14pt;\">Condiciones de ingreso: adolescentes que hayan finalizado la escuela primaria y adultos: Introducci\u00f3n al dibujo, introducci\u00f3n a la pintura, taller de modelado, taller de arte funcional ( telar cuadrado),construcci\u00f3n de figura humana con alambres, taller de acuarela, taller de representaciones graficas y pict\u00f3ricas, dibujo y pintura de figura humana, historia del arte.<\/span><\/td>\n<\/tr>\n<tr style=\"height: 137px;\">\n<td style=\"height: 137px;\" valign=\"top\" width=\"170\">\n<h2><span style=\"font-size: 14pt;\"><strong>Taller de arte<\/strong><\/span><\/h2>\n<\/td>\n<td style=\"height: 137px;\" valign=\"top\" width=\"550\"><span style=\"font-size: 14pt;\">Taller de arte para \u00a0j\u00f3venes y adultos con una duraci\u00f3n de 1 a\u00f1o. Ofrece una propuesta variada en la que los estudiantes exploran\u00a0 diferentes t\u00e9cnicas y materiales. <strong>NUEVO<\/strong><\/span><\/td>\n<\/tr>\n<tr style=\"height: 172px;\">\n<td style=\"height: 172px;\" valign=\"top\" width=\"170\">\n<h2><span style=\"font-size: 14pt;\"><strong>Iniciaci\u00f3n a las actividades art\u00edsticas<\/strong><\/span><\/h2>\n<\/td>\n<td style=\"height: 172px;\" valign=\"top\" width=\"550\"><span style=\"font-size: 14pt;\">Curso de arte de \u00a0organizado en las siguientes asignaturas: pl\u00e1stica en el plano, pl\u00e1stica en el espacio, artesan\u00edas, m\u00fasica, coro y expresi\u00f3n corporal.<\/span><\/p>\n<p><span style=\"font-size: 14pt;\">Requisitos de ingreso: haber aprobado el 4\u00ba grado de la escuela primaria.\u00a0<\/span><\/td>\n<\/tr>\n<tr style=\"height: 56px;\">\n<td style=\"height: 56px;\" colspan=\"2\" valign=\"top\" width=\"719\">\n<h1 style=\"text-align: center;\"><span style=\"font-size: 14pt; color: #3366ff;\"><strong>D<a style=\"color: #3366ff;\" href=\"file:\/\/\/F:\/COORDINACION\/Mesas\/2016\/2017\/INSCRIPCI%C3%93N%20A%20CURSOS%20REGULARES%20DE%20EXTENSI%C3%93N%202017.docx#_Inicacion_a_la\">anza<\/a><\/strong><\/span><\/h1>\n<\/td>\n<\/tr>\n<tr style=\"height: 228px;\">\n<td style=\"text-align: left; height: 228px;\" valign=\"top\" width=\"170\"><span style=\"font-size: 14pt;\"><strong>Iniciaci\u00f3n a la danza<\/strong><\/span><\/td>\n<td style=\"text-align: left; height: 228px;\" valign=\"top\" width=\"550\"><span style=\"font-size: 14pt;\">Curso de danza organizado en los siguientes trayectos. <strong>NUEVO<\/strong><\/span><\/p>\n<ul>\n<li><span style=\"font-size: 14pt;\">Danza cl\u00e1sica<\/span><\/li>\n<li><span style=\"font-size: 14pt;\">Expresi\u00f3n corporal<\/span><\/li>\n<li><span style=\"font-size: 14pt;\">Danza contempor\u00e1nea<\/span><\/li>\n<li><span style=\"font-size: 14pt;\">Folklore<\/span><\/li>\n<\/ul>\n<p><span style=\"font-size: 14pt;\">Requisitos: haber aprobado el 4\u00ba grado de la escuela primaria.<\/span><\/td>\n<\/tr>\n<\/tbody>\n<\/table>\n","protected":false},"excerpt":{"rendered":"<p>INSCRIPCI\u00d3N A CURSOS REGULARES DE EXTENSI\u00d3N Inscripci\u00f3n online\u00a0en\u00a0 http:\/\/www.josefinacontte.edu.ar\/ INGL\u00c9S: Ingles para adolescentes ( sorteo), Ingles para adultos (sorteo), Conversaci\u00f3n, Ingles con fines espec\u00edficos. FRANCES: Franc\u00e9s General para adolescentes y adultos, Franc\u00e9s funcional, Conversaci\u00f3n PORTUGUES: Portugu\u00e9s General para adolescentes y adultos, Portugu\u00e9s con fines espec\u00edficos, Conversaci\u00f3n. ITALIANO: Italiano para adolescentes y adultos, Conversaci\u00f3n. DIBUJO Y &#8230; <a title=\"CURSOS DE EXTENSI\u00d3N INSCRIPCIONES 2019\" class=\"read-more\" href=\"https:\/\/iscontte-crr.infd.edu.ar\/sitio\/cursos-de-extension-inscripciones-2018\/\" aria-label=\"More on CURSOS DE EXTENSI\u00d3N INSCRIPCIONES 2019\">[+]<\/a><\/p>\n","protected":false},"author":1154,"featured_media":0,"parent":0,"menu_order":0,"comment_status":"closed","ping_status":"closed","template":"","meta":[],"acf":[],"_links":{"self":[{"href":"https:\/\/iscontte-crr.infd.edu.ar\/sitio\/wp-json\/wp\/v2\/pages\/940"}],"collection":[{"href":"https:\/\/iscontte-crr.infd.edu.ar\/sitio\/wp-json\/wp\/v2\/pages"}],"about":[{"href":"https:\/\/iscontte-crr.infd.edu.ar\/sitio\/wp-json\/wp\/v2\/types\/page"}],"author":[{"embeddable":true,"href":"https:\/\/iscontte-crr.infd.edu.ar\/sitio\/wp-json\/wp\/v2\/users\/1154"}],"replies":[{"embeddable":true,"href":"https:\/\/iscontte-crr.infd.edu.ar\/sitio\/wp-json\/wp\/v2\/comments?post=940"}],"version-history":[{"count":4,"href":"https:\/\/iscontte-crr.infd.edu.ar\/sitio\/wp-json\/wp\/v2\/pages\/940\/revisions"}],"predecessor-version":[{"id":1015,"href":"https:\/\/iscontte-crr.infd.edu.ar\/sitio\/wp-json\/wp\/v2\/pages\/940\/revisions\/1015"}],"wp:attachment":[{"href":"https:\/\/iscontte-crr.infd.edu.ar\/sitio\/wp-json\/wp\/v2\/media?parent=940"}],"curies":[{"name":"wp","href":"https:\/\/api.w.org\/{rel}","templated":true}]}}