{"id":951,"date":"2018-08-30T12:28:07","date_gmt":"2018-08-30T15:28:07","guid":{"rendered":"https:\/\/iscontte-crr.infd.edu.ar\/sitio\/datos-institucionales\/"},"modified":"2023-04-27T12:54:57","modified_gmt":"2023-04-27T15:54:57","slug":"datos-institucionales","status":"publish","type":"page","link":"https:\/\/iscontte-crr.infd.edu.ar\/sitio\/datos-institucionales\/","title":{"rendered":"DATOS INSTITUCIONALES"},"content":{"rendered":"<p><strong><span style=\"color: #8f0429;\"><u><span style=\"font-size: 14.0pt; font-family: 'Arial',sans-serif;\">Horarios de atenci\u00f3n<\/span><\/u><\/span><\/strong><span style=\"font-size: 14.0pt; font-family: 'Arial',sans-serif;\"><strong><span style=\"color: #8f0429;\">: <\/span><\/strong>De lunes a viernes de 7.30 a 22.00 horas<\/span><\/p>\n<p><strong><span style=\"color: #8f0429;\"><u><span style=\"font-size: 14.0pt; font-family: 'Arial',sans-serif;\">Direcci\u00f3n<\/span><\/u><\/span><\/strong><span style=\"font-size: 14.0pt; font-family: 'Arial',sans-serif;\"><strong><span style=\"color: #8f0429;\">:<\/span><\/strong> Carlos Pellegrini 702<\/span><\/p>\n<p><span style=\"color: #8f0429;\"><u><span style=\"font-size: 14.0pt; font-family: 'Arial',sans-serif;\"><strong>C\u00f3digo postal:<\/strong><\/span><\/u><\/span><span style=\"font-size: 14.0pt; font-family: 'Arial',sans-serif;\"> 3400<\/span><\/p>\n<p><span style=\"color: #8f0429;\"><u><span style=\"font-size: 14.0pt; font-family: 'Arial',sans-serif;\"><strong>Localidad:<\/strong><\/span><\/u><\/span><span style=\"font-size: 14.0pt; font-family: 'Arial',sans-serif;\"> Corrientes capital<\/span><\/p>\n<p><strong><span style=\"color: #8f0429;\"><u><span style=\"font-size: 14.0pt; font-family: 'Arial',sans-serif;\">Tel\u00e9fonos<\/span><\/u><\/span><\/strong><span style=\"font-size: 14.0pt; font-family: 'Arial',sans-serif;\"><strong><span style=\"color: #8f0429;\">:<\/span><\/strong> 0379 &#8211; 4426273\u00a0<\/span><\/p>\n<p><strong><span style=\"color: #8f0429;\"><u><span style=\"font-size: 14.0pt; font-family: 'Arial',sans-serif;\">Correo electr\u00f3nico<\/span><\/u><\/span><\/strong><span style=\"font-size: 14.0pt; font-family: 'Arial',sans-serif;\"><strong><span style=\"color: #8f0429;\">:<\/span><\/strong> rectorado@josefinacontte.edu.ar<\/span><\/p>\n<p><span style=\"font-size: 14.0pt; font-family: 'Arial',sans-serif;\"><a href=\"http:\/\/www.josefinacontte.edu.ar\/\"><span style=\"color: #8f0429;\"><strong>SIMA Instituto ISJC:<\/strong><\/span><\/a><\/span> \u00a0 <a href=\"https:\/\/simaeducativa.mec.gob.ar\/contte\/\">https:\/\/simaeducativa.mec.gob.ar\/contte\/<\/a><\/p>\n<p><span style=\"font-size: 14.0pt; font-family: 'Arial',sans-serif;\"><a href=\"http:\/\/www.josefinacontte.edu.ar\/\"><span style=\"color: #8f0429;\"><strong>P\u00e1gina del Instituto:<\/strong><\/span><span style=\"text-decoration: none; text-underline: none;\">\u00a0\u00a0<\/span>http:\/\/www.josefinacontte.edu.ar\/<\/a><\/span><\/p>\n<p><span style=\"font-size: 14.0pt; font-family: 'Arial',sans-serif;\"><a href=\"https:\/\/www.facebook.com\/Instituto-Superior-Josefina-Contte-105167081436256\"><span style=\"color: black;\"><strong><span style=\"color: #8f0429;\">Facebook<\/span><span style=\"color: #8f0429;\">:<\/span><\/strong><\/span> INSTITUTOSUPERIORJOSEFINACONTTE<\/a><\/span><span style=\"font-size: 10pt;\">\u00a0 \u00a0 \u00a0<\/span><\/p>\n<h4><span style=\"font-size: 14.0pt; font-family: 'Arial',sans-serif;\"><a href=\"https:\/\/www.facebook.com\/Instituto-Superior-Josefina-Contte-105167081436256\"><span style=\"color: black;\"><strong><span style=\"color: #8f0429;\">Instagram:<\/span><\/strong><\/span><\/a><\/span><span style=\"font-size: 10pt;\">\u00a0<span style=\"font-size: 14.0pt; font-family: 'Arial',sans-serif;\"><a href=\"http:\/\/www.josefinacontte.edu.ar\/\">http:\/\/institutojosefinacontte?igshid=MTIyMzRjYmRIZg==<\/a><\/span><\/span><\/h4>\n<h4><span style=\"font-size: 14.0pt; font-family: 'Arial',sans-serif;\"><span style=\"color: black;\"><strong><span style=\"color: #8f0429;\">Mapa:\u00a0<\/span><\/strong><\/span><\/span><\/h4>\n<h4 style=\"text-align: center;\"><a href=\"https:\/\/www.google.com\/maps\/place\/Instituto+Superior+Josefina+Contte\/@-27.4649942,-58.841367,15z\/data=!4m14!1m7!3m6!1s0x94456cbab8ea4289:0x3db97bea22506386!2sInstituto+Superior+Josefina+Contte!8m2!3d-27.4649942!4d-58.841367!16s%2Fg%2F11btxcz_df!3m5!1s0x94456cbab8ea4289:0x3db97bea22506386!8m2!3d-27.4649942!4d-58.841367!16s%2Fg%2F11btxcz_df\" target=\"_blank\" rel=\"noopener\"><img decoding=\"async\" loading=\"lazy\" class=\"wp-image-1934 aligncenter\" src=\"https:\/\/iscontte-crr.infd.edu.ar\/sitio\/wp-content\/uploads\/2023\/04\/JOSEFINA-MAPA.jpg\" alt=\"\" width=\"506\" height=\"316\" srcset=\"https:\/\/iscontte-crr.infd.edu.ar\/sitio\/wp-content\/uploads\/2023\/04\/JOSEFINA-MAPA.jpg 944w, https:\/\/iscontte-crr.infd.edu.ar\/sitio\/wp-content\/uploads\/2023\/04\/JOSEFINA-MAPA-768x479.jpg 768w\" sizes=\"(max-width: 506px) 100vw, 506px\" \/><\/a><\/h4>\n<p><span style=\"font-size: 10pt;\">\u00a0\u00a0\u00a0\u00a0\u00a0\u00a0\u00a0\u00a0\u00a0\u00a0\u00a0\u00a0\u00a0\u00a0\u00a0\u00a0\u00a0\u00a0 <\/span><\/p>\n<p><span style=\"font-size: 10pt;\">\u00a0<\/span><\/p>\n","protected":false},"excerpt":{"rendered":"<p>Horarios de atenci\u00f3n: De lunes a viernes de 7.30 a 22.00 horas Direcci\u00f3n: Carlos Pellegrini 702 C\u00f3digo postal: 3400 Localidad: Corrientes capital Tel\u00e9fonos: 0379 &#8211; 4426273\u00a0 Correo electr\u00f3nico: rectorado@josefinacontte.edu.ar SIMA Instituto ISJC: \u00a0 https:\/\/simaeducativa.mec.gob.ar\/contte\/ P\u00e1gina del Instituto:\u00a0\u00a0http:\/\/www.josefinacontte.edu.ar\/ Facebook: INSTITUTOSUPERIORJOSEFINACONTTE\u00a0 \u00a0 \u00a0 Instagram:\u00a0http:\/\/institutojosefinacontte?igshid=MTIyMzRjYmRIZg== Mapa:\u00a0 \u00a0\u00a0\u00a0\u00a0\u00a0\u00a0\u00a0\u00a0\u00a0\u00a0\u00a0\u00a0\u00a0\u00a0\u00a0\u00a0\u00a0\u00a0 \u00a0<\/p>\n","protected":false},"author":1154,"featured_media":0,"parent":0,"menu_order":0,"comment_status":"closed","ping_status":"closed","template":"","meta":[],"acf":[],"_links":{"self":[{"href":"https:\/\/iscontte-crr.infd.edu.ar\/sitio\/wp-json\/wp\/v2\/pages\/951"}],"collection":[{"href":"https:\/\/iscontte-crr.infd.edu.ar\/sitio\/wp-json\/wp\/v2\/pages"}],"about":[{"href":"https:\/\/iscontte-crr.infd.edu.ar\/sitio\/wp-json\/wp\/v2\/types\/page"}],"author":[{"embeddable":true,"href":"https:\/\/iscontte-crr.infd.edu.ar\/sitio\/wp-json\/wp\/v2\/users\/1154"}],"replies":[{"embeddable":true,"href":"https:\/\/iscontte-crr.infd.edu.ar\/sitio\/wp-json\/wp\/v2\/comments?post=951"}],"version-history":[{"count":13,"href":"https:\/\/iscontte-crr.infd.edu.ar\/sitio\/wp-json\/wp\/v2\/pages\/951\/revisions"}],"predecessor-version":[{"id":1970,"href":"https:\/\/iscontte-crr.infd.edu.ar\/sitio\/wp-json\/wp\/v2\/pages\/951\/revisions\/1970"}],"wp:attachment":[{"href":"https:\/\/iscontte-crr.infd.edu.ar\/sitio\/wp-json\/wp\/v2\/media?parent=951"}],"curies":[{"name":"wp","href":"https:\/\/api.w.org\/{rel}","templated":true}]}}