{"id":983,"date":"2018-08-30T12:28:22","date_gmt":"2018-08-30T15:28:22","guid":{"rendered":"https:\/\/iscontte-crr.infd.edu.ar\/sitio\/objetivos\/"},"modified":"2023-06-13T15:54:18","modified_gmt":"2023-06-13T18:54:18","slug":"objetivos","status":"publish","type":"page","link":"https:\/\/iscontte-crr.infd.edu.ar\/sitio\/objetivos\/","title":{"rendered":"OBJETIVOS INSTITUCIONALES"},"content":{"rendered":"<ul>\n<li>Brindar a la comunidad\u00a0 ofertas de formaci\u00f3n docente para todos los niveles y ciclos del sistema educativo, orientadas hacia la atenci\u00f3n de dos \u00e1reas disciplinares espec\u00edficas: Artes Visuales y Lenguas Extranjeras.<\/li>\n<li>Ofrecer a la comunidad ofertas de formaci\u00f3n t\u00e9cnica orientadas hacia la atenci\u00f3n de dos \u00e1reas disciplinares espec\u00edficas: Artes Visuales e Ingl\u00e9s.<\/li>\n<li>Asegurar las condiciones necesarias para la implementaci\u00f3n de l\u00edneas constantes de investigaci\u00f3n y desarrollo educativo.<\/li>\n<li>Propiciar el desarrollo personal y profesional permanente de los docentes de la instituci\u00f3n a trav\u00e9s de programas espec\u00edficos de formaci\u00f3n continua.<\/li>\n<li>Proporcionar oportunidades permanentes de formaci\u00f3n en servicio y actualizaci\u00f3n profesional a docentes de todos los niveles del sistema en las \u00e1reas disciplinares atendidas.<\/li>\n<li>Ofrecer , como servicio de extensi\u00f3n , cursos\u00a0 para el aprendizaje de lenguas extranjeras y artes pl\u00e1sticas organizados de manera contextualizada y coherente con las demandas de la comunidad.<\/li>\n<li>Promover acuerdos interinstitucionales con escuelas de todos los niveles del sistema educativo, institutos de nivel superior, universidades y otros entes gubernamentales y privados.<\/li>\n<\/ul>\n","protected":false},"excerpt":{"rendered":"<p>Brindar a la comunidad\u00a0 ofertas de formaci\u00f3n docente para todos los niveles y ciclos del sistema educativo, orientadas hacia la atenci\u00f3n de dos \u00e1reas disciplinares espec\u00edficas: Artes Visuales y Lenguas Extranjeras. Ofrecer a la comunidad ofertas de formaci\u00f3n t\u00e9cnica orientadas hacia la atenci\u00f3n de dos \u00e1reas disciplinares espec\u00edficas: Artes Visuales e Ingl\u00e9s. Asegurar las condiciones &#8230; <a title=\"OBJETIVOS INSTITUCIONALES\" class=\"read-more\" href=\"https:\/\/iscontte-crr.infd.edu.ar\/sitio\/objetivos\/\" aria-label=\"More on OBJETIVOS INSTITUCIONALES\">[+]<\/a><\/p>\n","protected":false},"author":1154,"featured_media":0,"parent":0,"menu_order":0,"comment_status":"closed","ping_status":"closed","template":"","meta":[],"acf":[],"_links":{"self":[{"href":"https:\/\/iscontte-crr.infd.edu.ar\/sitio\/wp-json\/wp\/v2\/pages\/983"}],"collection":[{"href":"https:\/\/iscontte-crr.infd.edu.ar\/sitio\/wp-json\/wp\/v2\/pages"}],"about":[{"href":"https:\/\/iscontte-crr.infd.edu.ar\/sitio\/wp-json\/wp\/v2\/types\/page"}],"author":[{"embeddable":true,"href":"https:\/\/iscontte-crr.infd.edu.ar\/sitio\/wp-json\/wp\/v2\/users\/1154"}],"replies":[{"embeddable":true,"href":"https:\/\/iscontte-crr.infd.edu.ar\/sitio\/wp-json\/wp\/v2\/comments?post=983"}],"version-history":[{"count":3,"href":"https:\/\/iscontte-crr.infd.edu.ar\/sitio\/wp-json\/wp\/v2\/pages\/983\/revisions"}],"predecessor-version":[{"id":2098,"href":"https:\/\/iscontte-crr.infd.edu.ar\/sitio\/wp-json\/wp\/v2\/pages\/983\/revisions\/2098"}],"wp:attachment":[{"href":"https:\/\/iscontte-crr.infd.edu.ar\/sitio\/wp-json\/wp\/v2\/media?parent=983"}],"curies":[{"name":"wp","href":"https:\/\/api.w.org\/{rel}","templated":true}]}}